{"id":8057,"date":"2025-03-06T01:38:04","date_gmt":"2025-03-06T01:38:04","guid":{"rendered":"https:\/\/linventelectric.com\/?post_type=product&#038;p=8057"},"modified":"2025-05-04T10:40:22","modified_gmt":"2025-05-04T10:40:22","slug":"cf40-c-series-high-performance-ac-drive-2","status":"publish","type":"product","link":"https:\/\/linventelectric.com\/de\/produkt\/cf40-c-series-high-performance-ac-drive-2\/","title":{"rendered":"Hochleistungs-AC-Antrieb der Serie CF40-C"},"content":{"rendered":"<h1 class=\"wp-block-heading\">Produkt\u00fcbersicht<\/h1><figure class=\"wp-block-table\">\r\n<table class=\"has-fixed-layout\">\r\n<thead>\r\n<tr>\r\n<th><strong>#<\/strong><\/th>\r\n<th><strong>Eigenschaften<\/strong><\/th>\r\n<th><strong>#<\/strong><\/th>\r\n<th><strong>Anwendungen<\/strong><\/th>\r\n<\/tr>\r\n<\/thead>\r\n<tbody>\r\n<tr>\r\n<td>1<\/td>\r\n<td>Unterst\u00fctzung der Vektorregelung eines Drehstrom-Asynchronmotors.<\/td>\r\n<td>1<\/td>\r\n<td>Fans<\/td>\r\n<\/tr>\r\n<tr>\r\n<td>2<\/td>\r\n<td>Breiter Anwendungsbereich, mehrere Regelungsmethoden: Vektorregelung mit offenem Regelkreis (SVC), Vektorregelung mit geschlossenem Regelkreis (FVC), V\/F-Regelung, V\/F-Trennungsregelung.<\/td>\r\n<td>2<\/td>\r\n<td>Pumpen<\/td>\r\n<\/tr>\r\n<tr>\r\n<td>3<\/td>\r\n<td>Unterst\u00fctzt Differential-Encoder, Open-Collector-Encoder, Resolver, etc.<\/td>\r\n<td>3<\/td>\r\n<td>Verpackung<\/td>\r\n<\/tr>\r\n<tr>\r\n<td>4<\/td>\r\n<td>Neuer drehzahlsensorloser Vektorregelungsalgorithmus: Bessere Stabilit\u00e4t bei niedrigen Drehzahlen, h\u00f6here Belastbarkeit bei niedrigen Frequenzen und Unterst\u00fctzung der SVC-Drehmomentregelung.<\/td>\r\n<td>4<\/td>\r\n<td>Textilien<\/td>\r\n<\/tr>\r\n<tr>\r\n<td>5<\/td>\r\n<td>Die personalisierten Funktionen machen ihn flexibel und einfach in der Anwendung: Kurzzeitstopp, schnelle Strombegrenzung, breiter Zeitbereich, Mehrmotorenschaltung, Motor\u00fcberhitzungsschutz.<\/td>\r\n<td>5<\/td>\r\n<td>Papierherstellung<\/td>\r\n<\/tr>\r\n<tr>\r\n<td>\u00a0<\/td>\r\n<td>\u00a0<\/td>\r\n<td>6<\/td>\r\n<td>Sandherstellung<\/td>\r\n<\/tr>\r\n<tr>\r\n<td>\u00a0<\/td>\r\n<td>\u00a0<\/td>\r\n<td>7<\/td>\r\n<td>Zentrale Klimatisierung<\/td>\r\n<\/tr>\r\n<tr>\r\n<td>\u00a0<\/td>\r\n<td>\u00a0<\/td>\r\n<td>8<\/td>\r\n<td>Musik-Brunnen<\/td>\r\n<\/tr>\r\n<tr>\r\n<td>\u00a0<\/td>\r\n<td>\u00a0<\/td>\r\n<td>9<\/td>\r\n<td>Wasserversorgung mit konstantem Druck<\/td>\r\n<\/tr>\r\n<tr>\r\n<td>\u00a0<\/td>\r\n<td>\u00a0<\/td>\r\n<td>10<\/td>\r\n<td>Drehrohrofen<\/td>\r\n<\/tr>\r\n<tr>\r\n<td>\u00a0<\/td>\r\n<td>\u00a0<\/td>\r\n<td>11<\/td>\r\n<td>Blasformmaschine<\/td>\r\n<\/tr>\r\n<tr>\r\n<td>\u00a0<\/td>\r\n<td>\u00a0<\/td>\r\n<td>12<\/td>\r\n<td>Hebemaschinen<\/td>\r\n<\/tr>\r\n<\/tbody>\r\n<\/table>\r\n<\/figure><p>&nbsp;<\/p>","protected":false},"excerpt":{"rendered":"<div data-page-id=\"XQiGdyqLdoIBBgxEl3qcCPYhnTm\" data-lark-html-role=\"root\" data-docx-has-block-data=\"false\">\n<div class=\"ace-line ace-line old-record-id-LbVbdDhcyoq712xcR1rcLJJ9n0g\">Der CF40-C VFD ist ein hochleistungsf\u00e4higer AC-Frequenzumrichter, der als Antrieb und Drehzahlregler von Drehstrom-Asynchronmotoren eingesetzt wird.<\/div>\n<div class=\"ace-line ace-line old-record-id-RtukdeoTMokvkhxUVJ6cqJj9n7f\">\u00a0<\/div>\n<div class=\"ace-line ace-line old-record-id-D5tVdioMroCWSVxumpKcrpnNnvg\"><strong>Leistungsbereich<\/strong><\/div>\n<div class=\"ace-line ace-line old-record-id-RAejdmjBDoo6MTxEVXXciEyAnAh\">22KW~500KW<\/div>\n<div class=\"ace-line ace-line old-record-id-LwGadANwToWAw1xEOJHcl2pknDe\">\u00a0<\/div>\n<div class=\"ace-line ace-line old-record-id-OqaldFR3po5nPsx8iYXcv8nVncf\"><strong>Eingangsspannung<\/strong><\/div>\n<div class=\"ace-line ace-line old-record-id-CRKWdS0iioMVzBx0RhacaVcenxd\">380V 3-Phasen<\/div>\n<div class=\"ace-line ace-line old-record-id-HfeEdCotnozo5JxsLNfczuhsnjb\">440V 3-phasig<\/div>\n<\/div>","protected":false},"featured_media":8058,"template":"","meta":{"_daextam_enable_autolinks":"1","powered_cache_disable_cache":false},"product_brand":[],"product_cat":[38],"product_tag":[86,85],"class_list":{"0":"post-8057","1":"product","2":"type-product","3":"status-publish","4":"has-post-thumbnail","6":"product_cat-variable-frequency-drive-frequency-inverter","7":"product_tag-ac-drive","8":"product_tag-vfd","10":"first","11":"instock","12":"featured","13":"shipping-taxable","14":"product-type-simple"},"acf":[],"yoast_head":"<!-- This site is optimized with the Yoast SEO Premium plugin v24.4 (Yoast SEO v24.5) - https:\/\/yoast.com\/wordpress\/plugins\/seo\/ -->\n<title>CF40-C Series High Performance AC Drive - Linvent Electric<\/title>\n<meta name=\"description\" content=\"High performance CF40-C VFD for 3-phase AC motors, 22KW\u2013500KW. Ideal for industrial motor control, energy saving, and precise speed regulation.\" \/>\n<meta name=\"robots\" content=\"index, follow, max-snippet:-1, max-image-preview:large, max-video-preview:-1\" \/>\n<link rel=\"canonical\" href=\"https:\/\/linventelectric.com\/de\/produkt\/cf40-c-series-high-performance-ac-drive-2\/\" \/>\n<meta property=\"og:locale\" content=\"de_DE\" \/>\n<meta property=\"og:type\" content=\"article\" \/>\n<meta property=\"og:title\" content=\"CF40-C Series High Performance AC Drive\" \/>\n<meta property=\"og:description\" content=\"High performance CF40-C VFD for 3-phase AC motors, 22KW\u2013500KW. Ideal for industrial motor control, energy saving, and precise speed regulation.\" \/>\n<meta property=\"og:url\" content=\"https:\/\/linventelectric.com\/de\/produkt\/cf40-c-series-high-performance-ac-drive-2\/\" \/>\n<meta property=\"og:site_name\" content=\"Linvent Electric\" \/>\n<meta property=\"article:modified_time\" content=\"2025-05-04T10:40:22+00:00\" \/>\n<meta property=\"og:image\" content=\"https:\/\/linventelectric.com\/wp-content\/uploads\/2025\/03\/CF40-C-Series-High-Performance-AC-Drive-scaled.jpg\" \/>\n\t<meta property=\"og:image:width\" content=\"2560\" \/>\n\t<meta property=\"og:image:height\" content=\"1707\" \/>\n\t<meta property=\"og:image:type\" content=\"image\/jpeg\" \/>\n<meta name=\"twitter:card\" content=\"summary_large_image\" \/>\n<meta name=\"twitter:label1\" content=\"Price\" \/>\n\t<meta name=\"twitter:data1\" content=\"\" \/>\n\t<meta name=\"twitter:label2\" content=\"Availability\" \/>\n\t<meta name=\"twitter:data2\" content=\"In stock\" \/>\n<script type=\"application\/ld+json\" class=\"yoast-schema-graph\">{\"@context\":\"https:\/\/schema.org\",\"@graph\":[{\"@type\":\"WebPage\",\"@id\":\"https:\/\/linventelectric.com\/product\/cf40-c-series-high-performance-ac-drive-2\/\",\"url\":\"https:\/\/linventelectric.com\/product\/cf40-c-series-high-performance-ac-drive-2\/\",\"name\":\"CF40-C Series High Performance AC Drive - Linvent Electric\",\"isPartOf\":{\"@id\":\"https:\/\/linventelectric.com\/#website\"},\"primaryImageOfPage\":{\"@id\":\"https:\/\/linventelectric.com\/product\/cf40-c-series-high-performance-ac-drive-2\/#primaryimage\"},\"image\":{\"@id\":\"https:\/\/linventelectric.com\/product\/cf40-c-series-high-performance-ac-drive-2\/#primaryimage\"},\"thumbnailUrl\":\"https:\/\/linventelectric.com\/wp-content\/uploads\/2025\/03\/CF40-C-Series-High-Performance-AC-Drive-scaled.jpg\",\"datePublished\":\"2025-03-06T01:38:04+00:00\",\"dateModified\":\"2025-05-04T10:40:22+00:00\",\"description\":\"High performance CF40-C VFD for 3-phase AC motors, 22KW\u2013500KW. Ideal for industrial motor control, energy saving, and precise speed regulation.\",\"breadcrumb\":{\"@id\":\"https:\/\/linventelectric.com\/product\/cf40-c-series-high-performance-ac-drive-2\/#breadcrumb\"},\"inLanguage\":\"de\",\"potentialAction\":[{\"@type\":\"ReadAction\",\"target\":[\"https:\/\/linventelectric.com\/product\/cf40-c-series-high-performance-ac-drive-2\/\"]}]},{\"@type\":\"ImageObject\",\"inLanguage\":\"de\",\"@id\":\"https:\/\/linventelectric.com\/product\/cf40-c-series-high-performance-ac-drive-2\/#primaryimage\",\"url\":\"https:\/\/linventelectric.com\/wp-content\/uploads\/2025\/03\/CF40-C-Series-High-Performance-AC-Drive-scaled.jpg\",\"contentUrl\":\"https:\/\/linventelectric.com\/wp-content\/uploads\/2025\/03\/CF40-C-Series-High-Performance-AC-Drive-scaled.jpg\",\"width\":2560,\"height\":1707,\"caption\":\"CF40-C Series High Performance AC Drive\"},{\"@type\":\"BreadcrumbList\",\"@id\":\"https:\/\/linventelectric.com\/product\/cf40-c-series-high-performance-ac-drive-2\/#breadcrumb\",\"itemListElement\":[{\"@type\":\"ListItem\",\"position\":1,\"name\":\"Home\",\"item\":\"https:\/\/linventelectric.com\/\"},{\"@type\":\"ListItem\",\"position\":2,\"name\":\"Products\",\"item\":\"https:\/\/linventelectric.com\/products\/\"},{\"@type\":\"ListItem\",\"position\":3,\"name\":\"\u6d4b\u8bd5\u9762\u5305\u5c51\u7684\u6807\u9898\"}]},{\"@type\":\"WebSite\",\"@id\":\"https:\/\/linventelectric.com\/#website\",\"url\":\"https:\/\/linventelectric.com\/\",\"name\":\"LinventElectric China - Electrical Control Systems & Equipment Protection Solutions\",\"description\":\"Electrical Control &amp; Protection Solutions\",\"publisher\":{\"@id\":\"https:\/\/linventelectric.com\/#organization\"},\"potentialAction\":[{\"@type\":\"SearchAction\",\"target\":{\"@type\":\"EntryPoint\",\"urlTemplate\":\"https:\/\/linventelectric.com\/?s={search_term_string}\"},\"query-input\":{\"@type\":\"PropertyValueSpecification\",\"valueRequired\":true,\"valueName\":\"search_term_string\"}}],\"inLanguage\":\"de\"},{\"@type\":\"Organization\",\"@id\":\"https:\/\/linventelectric.com\/#organization\",\"name\":\"LinventElectric China - Electrical Control Systems & Equipment Protection Solutions\",\"url\":\"https:\/\/linventelectric.com\/\",\"logo\":{\"@type\":\"ImageObject\",\"inLanguage\":\"de\",\"@id\":\"https:\/\/linventelectric.com\/#\/schema\/logo\/image\/\",\"url\":\"https:\/\/linventelectric.com\/wp-content\/uploads\/2025\/03\/cropped-linventelectriclogo.png\",\"contentUrl\":\"https:\/\/linventelectric.com\/wp-content\/uploads\/2025\/03\/cropped-linventelectriclogo.png\",\"width\":323,\"height\":109,\"caption\":\"LinventElectric China - Electrical Control Systems & Equipment Protection Solutions\"},\"image\":{\"@id\":\"https:\/\/linventelectric.com\/#\/schema\/logo\/image\/\"}}]}<\/script>\n<meta property=\"product:price:amount\" content=\"0.00\" \/>\n<meta property=\"product:price:currency\" content=\"USD\" \/>\n<meta property=\"og:availability\" content=\"instock\" \/>\n<meta property=\"product:availability\" content=\"instock\" \/>\n<meta property=\"product:condition\" content=\"new\" \/>\n<!-- \/ Yoast SEO Premium plugin. -->","yoast_head_json":{"title":"CF40-C Series High Performance AC Drive - Linvent Electric","description":"High performance CF40-C VFD for 3-phase AC motors, 22KW\u2013500KW. Ideal for industrial motor control, energy saving, and precise speed regulation.","robots":{"index":"index","follow":"follow","max-snippet":"max-snippet:-1","max-image-preview":"max-image-preview:large","max-video-preview":"max-video-preview:-1"},"canonical":"https:\/\/linventelectric.com\/de\/produkt\/cf40-c-series-high-performance-ac-drive-2\/","og_locale":"de_DE","og_type":"article","og_title":"CF40-C Series High Performance AC Drive","og_description":"High performance CF40-C VFD for 3-phase AC motors, 22KW\u2013500KW. Ideal for industrial motor control, energy saving, and precise speed regulation.","og_url":"https:\/\/linventelectric.com\/de\/produkt\/cf40-c-series-high-performance-ac-drive-2\/","og_site_name":"Linvent Electric","article_modified_time":"2025-05-04T10:40:22+00:00","og_image":[{"width":2560,"height":1707,"url":"https:\/\/linventelectric.com\/wp-content\/uploads\/2025\/03\/CF40-C-Series-High-Performance-AC-Drive-scaled.jpg","type":"image\/jpeg"}],"twitter_card":"summary_large_image","twitter_misc":{"Price":"","Availability":"In stock"},"schema":{"@context":"https:\/\/schema.org","@graph":[{"@type":"WebPage","@id":"https:\/\/linventelectric.com\/product\/cf40-c-series-high-performance-ac-drive-2\/","url":"https:\/\/linventelectric.com\/product\/cf40-c-series-high-performance-ac-drive-2\/","name":"CF40-C Series High Performance AC Drive - Linvent Electric","isPartOf":{"@id":"https:\/\/linventelectric.com\/#website"},"primaryImageOfPage":{"@id":"https:\/\/linventelectric.com\/product\/cf40-c-series-high-performance-ac-drive-2\/#primaryimage"},"image":{"@id":"https:\/\/linventelectric.com\/product\/cf40-c-series-high-performance-ac-drive-2\/#primaryimage"},"thumbnailUrl":"https:\/\/linventelectric.com\/wp-content\/uploads\/2025\/03\/CF40-C-Series-High-Performance-AC-Drive-scaled.jpg","datePublished":"2025-03-06T01:38:04+00:00","dateModified":"2025-05-04T10:40:22+00:00","description":"High performance CF40-C VFD for 3-phase AC motors, 22KW\u2013500KW. Ideal for industrial motor control, energy saving, and precise speed regulation.","breadcrumb":{"@id":"https:\/\/linventelectric.com\/product\/cf40-c-series-high-performance-ac-drive-2\/#breadcrumb"},"inLanguage":"de","potentialAction":[{"@type":"ReadAction","target":["https:\/\/linventelectric.com\/product\/cf40-c-series-high-performance-ac-drive-2\/"]}]},{"@type":"ImageObject","inLanguage":"de","@id":"https:\/\/linventelectric.com\/product\/cf40-c-series-high-performance-ac-drive-2\/#primaryimage","url":"https:\/\/linventelectric.com\/wp-content\/uploads\/2025\/03\/CF40-C-Series-High-Performance-AC-Drive-scaled.jpg","contentUrl":"https:\/\/linventelectric.com\/wp-content\/uploads\/2025\/03\/CF40-C-Series-High-Performance-AC-Drive-scaled.jpg","width":2560,"height":1707,"caption":"CF40-C Series High Performance AC Drive"},{"@type":"BreadcrumbList","@id":"https:\/\/linventelectric.com\/product\/cf40-c-series-high-performance-ac-drive-2\/#breadcrumb","itemListElement":[{"@type":"ListItem","position":1,"name":"Home","item":"https:\/\/linventelectric.com\/"},{"@type":"ListItem","position":2,"name":"Products","item":"https:\/\/linventelectric.com\/products\/"},{"@type":"ListItem","position":3,"name":"\u6d4b\u8bd5\u9762\u5305\u5c51\u7684\u6807\u9898"}]},{"@type":"WebSite","@id":"https:\/\/linventelectric.com\/#website","url":"https:\/\/linventelectric.com\/","name":"LinventElectric China - Electrical Control Systems & Equipment Protection Solutions","description":"Electrical Control &amp; Protection Solutions","publisher":{"@id":"https:\/\/linventelectric.com\/#organization"},"potentialAction":[{"@type":"SearchAction","target":{"@type":"EntryPoint","urlTemplate":"https:\/\/linventelectric.com\/?s={search_term_string}"},"query-input":{"@type":"PropertyValueSpecification","valueRequired":true,"valueName":"search_term_string"}}],"inLanguage":"de"},{"@type":"Organization","@id":"https:\/\/linventelectric.com\/#organization","name":"LinventElectric China - Electrical Control Systems & Equipment Protection Solutions","url":"https:\/\/linventelectric.com\/","logo":{"@type":"ImageObject","inLanguage":"de","@id":"https:\/\/linventelectric.com\/#\/schema\/logo\/image\/","url":"https:\/\/linventelectric.com\/wp-content\/uploads\/2025\/03\/cropped-linventelectriclogo.png","contentUrl":"https:\/\/linventelectric.com\/wp-content\/uploads\/2025\/03\/cropped-linventelectriclogo.png","width":323,"height":109,"caption":"LinventElectric China - Electrical Control Systems & Equipment Protection Solutions"},"image":{"@id":"https:\/\/linventelectric.com\/#\/schema\/logo\/image\/"}}]},"product_price_amount":"0.00","product_price_currency":"USD","og_availability":"instock","product_availability":"instock","product_condition":"new"},"_links":{"self":[{"href":"https:\/\/linventelectric.com\/de\/wp-json\/wp\/v2\/product\/8057","targetHints":{"allow":["GET"]}}],"collection":[{"href":"https:\/\/linventelectric.com\/de\/wp-json\/wp\/v2\/product"}],"about":[{"href":"https:\/\/linventelectric.com\/de\/wp-json\/wp\/v2\/types\/product"}],"wp:featuredmedia":[{"embeddable":true,"href":"https:\/\/linventelectric.com\/de\/wp-json\/wp\/v2\/media\/8058"}],"wp:attachment":[{"href":"https:\/\/linventelectric.com\/de\/wp-json\/wp\/v2\/media?parent=8057"}],"wp:term":[{"taxonomy":"product_brand","embeddable":true,"href":"https:\/\/linventelectric.com\/de\/wp-json\/wp\/v2\/product_brand?post=8057"},{"taxonomy":"product_cat","embeddable":true,"href":"https:\/\/linventelectric.com\/de\/wp-json\/wp\/v2\/product_cat?post=8057"},{"taxonomy":"product_tag","embeddable":true,"href":"https:\/\/linventelectric.com\/de\/wp-json\/wp\/v2\/product_tag?post=8057"}],"curies":[{"name":"wp","href":"https:\/\/api.w.org\/{rel}","templated":true}]}}