{"id":842,"date":"2024-10-29T02:16:22","date_gmt":"2024-10-29T02:16:22","guid":{"rendered":"https:\/\/linventelectric.com\/?post_type=product&#038;p=842"},"modified":"2025-04-02T10:11:41","modified_gmt":"2025-04-02T10:11:41","slug":"cf40-b-ac-variable-frequency-drive","status":"publish","type":"product","link":"https:\/\/linventelectric.com\/es\/producto\/cf40-b-ac-variable-frequency-drive\/","title":{"rendered":"Variador de frecuencia de alto rendimiento serie CF40-B"},"content":{"rendered":"<h1 style=\"text-align: center;\"><\/h1>\r\n<h1 class=\"wp-block-heading\" style=\"text-align: center;\"><\/h1>\r\n<figure class=\"wp-block-table\">\r\n<table class=\"has-fixed-layout\">\r\n<thead>\r\n<tr>\r\n<th><strong>#<\/strong><\/th>\r\n<th><strong>Caracter\u00edsticas<\/strong><\/th>\r\n<th><strong>#<\/strong><\/th>\r\n<th><strong>Aplicaciones<\/strong><\/th>\r\n<\/tr>\r\n<\/thead>\r\n<tbody>\r\n<tr>\r\n<td>1<\/td>\r\n<td>Control vectorial asistido de motores as\u00edncronos trif\u00e1sicos de corriente alterna.<\/td>\r\n<td>1<\/td>\r\n<td>Ventiladores<\/td>\r\n<\/tr>\r\n<tr>\r\n<td>2<\/td>\r\n<td>Amplia gama de aplicaciones, m\u00faltiples m\u00e9todos de control: control vectorial en bucle abierto (SVC), control vectorial en bucle cerrado (FVC), control V\/F, control de separaci\u00f3n V\/F.<\/td>\r\n<td>2<\/td>\r\n<td>Bombas<\/td>\r\n<\/tr>\r\n<tr>\r\n<td>3<\/td>\r\n<td>Admite codificadores diferenciales, codificadores de colector abierto, resolvers, etc.<\/td>\r\n<td>3<\/td>\r\n<td>Embalaje<\/td>\r\n<\/tr>\r\n<tr>\r\n<td>4<\/td>\r\n<td>Nuevo algoritmo de control vectorial sin sensor de velocidad: mejora la estabilidad a baja velocidad, aumenta la capacidad de transporte a baja frecuencia y admite el control de par SVC.<\/td>\r\n<td>4<\/td>\r\n<td>Textil<\/td>\r\n<\/tr>\r\n<tr>\r\n<td>5<\/td>\r\n<td>Las funciones personalizadas lo hacen flexible y f\u00e1cil de usar: parada moment\u00e1nea, l\u00edmite r\u00e1pido de corriente, control de amplio rango temporal, conmutaci\u00f3n multimotor, protecci\u00f3n contra sobrecalentamiento del motor.<\/td>\r\n<td>5<\/td>\r\n<td>Fabricaci\u00f3n de papel<\/td>\r\n<\/tr>\r\n<tr>\r\n<td>\u00a0<\/td>\r\n<td>\u00a0<\/td>\r\n<td>6<\/td>\r\n<td>Fabricaci\u00f3n de arena<\/td>\r\n<\/tr>\r\n<tr>\r\n<td>\u00a0<\/td>\r\n<td>\u00a0<\/td>\r\n<td>7<\/td>\r\n<td>Aire acondicionado central<\/td>\r\n<\/tr>\r\n<tr>\r\n<td>\u00a0<\/td>\r\n<td>\u00a0<\/td>\r\n<td>8<\/td>\r\n<td>Fuente musical<\/td>\r\n<\/tr>\r\n<tr>\r\n<td>\u00a0<\/td>\r\n<td>\u00a0<\/td>\r\n<td>9<\/td>\r\n<td>Suministro de agua a presi\u00f3n constante<\/td>\r\n<\/tr>\r\n<tr>\r\n<td>\u00a0<\/td>\r\n<td>\u00a0<\/td>\r\n<td>10<\/td>\r\n<td>Horno rotativo<\/td>\r\n<\/tr>\r\n<tr>\r\n<td>\u00a0<\/td>\r\n<td>\u00a0<\/td>\r\n<td>11<\/td>\r\n<td>M\u00e1quina de moldeo por soplado<\/td>\r\n<\/tr>\r\n<tr>\r\n<td>\u00a0<\/td>\r\n<td>\u00a0<\/td>\r\n<td>12<\/td>\r\n<td>Maquinaria de elevaci\u00f3n<\/td>\r\n<\/tr>\r\n<\/tbody>\r\n<\/table>\r\n<\/figure>\r\n<h1 style=\"text-align: center;\"><\/h1>\r\n<h2 class=\"\" data-start=\"806\" data-end=\"829\">\u2705 Product Overview<\/h2>\r\n<p class=\"\" data-start=\"830\" data-end=\"1222\">En <strong data-start=\"834\" data-end=\"876\">CF40-B Series General Purpose AC Drive<\/strong> es un sistema de alto rendimiento <strong data-start=\"899\" data-end=\"936\">AC variable frequency drive (VFD)<\/strong> designed for the efficient control of <strong data-start=\"975\" data-end=\"1013\">three-phase AC asynchronous motors<\/strong>. With a <strong data-start=\"1022\" data-end=\"1056\">power range from 3.7KW to 22KW<\/strong> and compatible with <strong data-start=\"1077\" data-end=\"1106\">380V \/ 440V 3-phase power<\/strong>, it delivers excellent stability, adaptability, and control accuracy for a wide variety of industrial applications.<\/p>\r\n<p class=\"\" data-start=\"1224\" data-end=\"1576\">This series supports multiple advanced control modes including <strong data-start=\"1287\" data-end=\"1321\">open loop vector control (SVC)<\/strong>, <strong data-start=\"1323\" data-end=\"1359\">closed loop vector control (FVC)<\/strong>, <strong data-start=\"1361\" data-end=\"1376\">V\/F control<\/strong>y <strong data-start=\"1382\" data-end=\"1408\">V\/F separation control<\/strong>. Built-in support for <strong data-start=\"1431\" data-end=\"1496\">differential encoders, open collector encoders, and resolvers<\/strong> allows for greater flexibility and integration into complex automation systems.<\/p>\r\n<p class=\"\" data-start=\"1578\" data-end=\"1879\">Designed with user convenience and energy efficiency in mind, the CF40-B features a <strong data-start=\"1662\" data-end=\"1701\">sensorless vector control algorithm<\/strong> for superior low-speed torque and stable performance under variable loads. It is well-suited for <strong data-start=\"1799\" data-end=\"1868\">fans, pumps, packaging lines, textile machinery, paper processing<\/strong>, and more.<\/p>\r\n<hr class=\"\" data-start=\"1881\" data-end=\"1884\" \/>\r\n<h2 class=\"\" data-start=\"1886\" data-end=\"1905\">\u2705 Key Features<\/h2>\r\n<ul data-start=\"1906\" data-end=\"2559\">\r\n<li class=\"\" data-start=\"1906\" data-end=\"2030\">\r\n<p class=\"\" data-start=\"1908\" data-end=\"2030\"><strong data-start=\"1908\" data-end=\"1934\">Multiple Control Modes<\/strong>: Supports SVC, FVC, V\/F control, and V\/F separation control for a wide range of applications.<\/p>\r\n<\/li>\r\n<li class=\"\" data-start=\"2031\" data-end=\"2161\">\r\n<p class=\"\" data-start=\"2033\" data-end=\"2161\"><strong data-start=\"2033\" data-end=\"2062\">Sensorless Vector Control<\/strong>: Enhanced low-speed performance, strong low-frequency torque, and SVC torque control capability.<\/p>\r\n<\/li>\r\n<li class=\"\" data-start=\"2162\" data-end=\"2264\">\r\n<p class=\"\" data-start=\"2164\" data-end=\"2264\"><strong data-start=\"2164\" data-end=\"2192\">Flexible Encoder Support<\/strong>: Compatible with differential, open collector, and resolver encoders.<\/p>\r\n<\/li>\r\n<li class=\"\" data-start=\"2265\" data-end=\"2432\">\r\n<p class=\"\" data-start=\"2267\" data-end=\"2432\"><strong data-start=\"2267\" data-end=\"2296\">Smart Protection Features<\/strong>: Includes motor overheat protection, rapid current limiting, momentary stop functions, multi-motor switching, and time-based control.<\/p>\r\n<\/li>\r\n<li class=\"\" data-start=\"2433\" data-end=\"2559\">\r\n<p class=\"\" data-start=\"2435\" data-end=\"2559\"><strong data-start=\"2435\" data-end=\"2455\">Easy Integration<\/strong>: User-friendly design for flexible installation and parameter setup in various automation environments.<\/p>\r\n<\/li>\r\n<\/ul>\r\n<hr class=\"\" data-start=\"2561\" data-end=\"2564\" \/>\r\n<h2 class=\"\" data-start=\"2566\" data-end=\"2585\">\u2705 Applications<\/h2>\r\n<p class=\"\" data-start=\"2586\" data-end=\"2664\">The CF40-B VFD is widely used in industrial and commercial sectors, including:<\/p>\r\n<ol data-start=\"2666\" data-end=\"3050\">\r\n<li class=\"\" data-start=\"2666\" data-end=\"2707\">\r\n<p class=\"\" data-start=\"2669\" data-end=\"2707\"><strong data-start=\"2669\" data-end=\"2677\">Ventiladores<\/strong> y <strong data-start=\"2682\" data-end=\"2705\">ventilation systems<\/strong><\/p>\r\n<\/li>\r\n<li class=\"\" data-start=\"2708\" data-end=\"2764\">\r\n<p class=\"\" data-start=\"2711\" data-end=\"2764\"><strong data-start=\"2711\" data-end=\"2720\">Bombas<\/strong>, including constant pressure water supply<\/p>\r\n<\/li>\r\n<li class=\"\" data-start=\"2765\" data-end=\"2793\">\r\n<p class=\"\" data-start=\"2768\" data-end=\"2793\"><strong data-start=\"2768\" data-end=\"2791\">Packaging machinery<\/strong><\/p>\r\n<\/li>\r\n<li class=\"\" data-start=\"2794\" data-end=\"2819\">\r\n<p class=\"\" data-start=\"2797\" data-end=\"2819\"><strong data-start=\"2797\" data-end=\"2817\">Textile machines<\/strong><\/p>\r\n<\/li>\r\n<li class=\"\" data-start=\"2820\" data-end=\"2856\">\r\n<p class=\"\" data-start=\"2823\" data-end=\"2856\"><strong data-start=\"2823\" data-end=\"2854\">Paper making and processing<\/strong><\/p>\r\n<\/li>\r\n<li class=\"\" data-start=\"2857\" data-end=\"2887\">\r\n<p class=\"\" data-start=\"2860\" data-end=\"2887\"><strong data-start=\"2860\" data-end=\"2885\">Sand making equipment<\/strong><\/p>\r\n<\/li>\r\n<li class=\"\" data-start=\"2888\" data-end=\"2929\">\r\n<p class=\"\" data-start=\"2891\" data-end=\"2929\"><strong data-start=\"2891\" data-end=\"2927\">Central air conditioning systems<\/strong><\/p>\r\n<\/li>\r\n<li class=\"\" data-start=\"2930\" data-end=\"2954\">\r\n<p class=\"\" data-start=\"2933\" data-end=\"2954\"><strong data-start=\"2933\" data-end=\"2952\">Music fountains<\/strong><\/p>\r\n<\/li>\r\n<li class=\"\" data-start=\"2955\" data-end=\"2979\">\r\n<p class=\"\" data-start=\"2958\" data-end=\"2979\"><strong data-start=\"2958\" data-end=\"2977\">Rotary furnaces<\/strong><\/p>\r\n<\/li>\r\n<li class=\"\" data-start=\"2980\" data-end=\"3011\">\r\n<p class=\"\" data-start=\"2984\" data-end=\"3011\"><strong data-start=\"2984\" data-end=\"3009\">Blow molding machines<\/strong><\/p>\r\n<\/li>\r\n<li class=\"\" data-start=\"3012\" data-end=\"3050\">\r\n<p class=\"\" data-start=\"3016\" data-end=\"3050\"><strong data-start=\"3016\" data-end=\"3050\">Hoisting and lifting machinery<\/strong><\/p>\r\n<\/li>\r\n<\/ol>\r\n<h1 style=\"text-align: center;\"><\/h1>","protected":false},"excerpt":{"rendered":"<div data-page-id=\"XQiGdyqLdoIBBgxEl3qcCPYhnTm\" data-lark-html-role=\"root\" data-docx-has-block-data=\"false\">\n<div class=\"ace-line ace-line old-record-id-U2jsdcxPxo55YcxGn4gcly1onlc\">El convertidor de CA CF40-B es un convertidor de frecuencia variable de CA de uso general y alto rendimiento que se utiliza como accionamiento y regulador de velocidad de motores as\u00edncronos trif\u00e1sicos de CA.<\/div>\n<div class=\"ace-line ace-line old-record-id-NUXFdjKoRoE7gdxxp7oc6QEZnSb\">\u00a0<\/div>\n<div class=\"ace-line ace-line old-record-id-LFMtd9bNOo2mDdxc3tncVdv4nsf\"><strong>Rango de potencia<\/strong><\/div>\n<div class=\"ace-line ace-line old-record-id-B1bxdC6WrompF7xzjwec1aeonVf\">3,7KW~22KW<\/div>\n<div class=\"ace-line ace-line old-record-id-VJKkdbxdKoJTRxxZWmOc1foonrb\">\u00a0<\/div>\n<div class=\"ace-line ace-line old-record-id-DsL6d02TPod5DdxCSOOcWhNnnwe\"><strong>Tensi\u00f3n de entrada<\/strong><\/div>\n<div class=\"ace-line ace-line old-record-id-PgUkdpTAMo6355xCzEDc7Bpsnoh\">380 V trif\u00e1sico<\/div>\n<div class=\"ace-line ace-line old-record-id-Nw6bdlkA6oM1W7xqSRecg6Lfn0b\">440 V trif\u00e1sico<\/div>\n<\/div>","protected":false},"featured_media":8065,"template":"","meta":{"_daextam_enable_autolinks":"1","powered_cache_disable_cache":false},"product_brand":[],"product_cat":[38],"product_tag":[125,85,126],"class_list":{"0":"post-842","1":"product","2":"type-product","3":"status-publish","4":"has-post-thumbnail","6":"product_cat-variable-frequency-drive-frequency-inverter","7":"product_tag-variable-frequency-drive","8":"product_tag-vfd","9":"product_tag-vfds","11":"first","12":"instock","13":"featured","14":"shipping-taxable","15":"product-type-simple"},"acf":[],"yoast_head":"<!-- This site is optimized with the Yoast SEO Premium plugin v24.4 (Yoast SEO v24.5) - https:\/\/yoast.com\/wordpress\/plugins\/seo\/ -->\n<title>CF40-B Series High Performance Variable Frequency Drive - Linvent Electric<\/title>\n<meta name=\"description\" content=\"CF40-B AC drive supports vector control for 3-phase motors (3.7KW\u201322KW). Ideal for fans, pumps, packaging, textile, HVAC &amp; water systems. Stable, smart, reliable.SEO Keywords\" \/>\n<meta name=\"robots\" content=\"index, follow, max-snippet:-1, max-image-preview:large, max-video-preview:-1\" \/>\n<link rel=\"canonical\" href=\"https:\/\/linventelectric.com\/es\/producto\/cf40-b-ac-variable-frequency-drive\/\" \/>\n<meta property=\"og:locale\" content=\"es_ES\" \/>\n<meta property=\"og:type\" content=\"article\" \/>\n<meta property=\"og:title\" content=\"CF40-B Series High Performance Variable Frequency Drive\" \/>\n<meta property=\"og:description\" content=\"CF40-B AC drive supports vector control for 3-phase motors (3.7KW\u201322KW). Ideal for fans, pumps, packaging, textile, HVAC &amp; water systems. Stable, smart, reliable.SEO Keywords\" \/>\n<meta property=\"og:url\" content=\"https:\/\/linventelectric.com\/es\/producto\/cf40-b-ac-variable-frequency-drive\/\" \/>\n<meta property=\"og:site_name\" content=\"Linvent Electric\" \/>\n<meta property=\"article:modified_time\" content=\"2025-04-02T10:11:41+00:00\" \/>\n<meta property=\"og:image\" content=\"https:\/\/linventelectric.com\/wp-content\/uploads\/2024\/10\/output-scaled.jpg\" \/>\n\t<meta property=\"og:image:width\" content=\"2560\" \/>\n\t<meta property=\"og:image:height\" content=\"1707\" \/>\n\t<meta property=\"og:image:type\" content=\"image\/jpeg\" \/>\n<meta name=\"twitter:card\" content=\"summary_large_image\" \/>\n<meta name=\"twitter:label1\" content=\"Precio\" \/>\n\t<meta name=\"twitter:data1\" content=\"\" \/>\n\t<meta name=\"twitter:label2\" content=\"Disponibilidad\" \/>\n\t<meta name=\"twitter:data2\" content=\"Disponible\" \/>\n<script type=\"application\/ld+json\" class=\"yoast-schema-graph\">{\"@context\":\"https:\/\/schema.org\",\"@graph\":[{\"@type\":\"WebPage\",\"@id\":\"https:\/\/linventelectric.com\/product\/cf40-b-ac-variable-frequency-drive\/\",\"url\":\"https:\/\/linventelectric.com\/product\/cf40-b-ac-variable-frequency-drive\/\",\"name\":\"CF40-B Series High Performance Variable Frequency Drive - Linvent Electric\",\"isPartOf\":{\"@id\":\"https:\/\/linventelectric.com\/#website\"},\"primaryImageOfPage\":{\"@id\":\"https:\/\/linventelectric.com\/product\/cf40-b-ac-variable-frequency-drive\/#primaryimage\"},\"image\":{\"@id\":\"https:\/\/linventelectric.com\/product\/cf40-b-ac-variable-frequency-drive\/#primaryimage\"},\"thumbnailUrl\":\"https:\/\/linventelectric.com\/wp-content\/uploads\/2024\/10\/output-scaled.jpg\",\"datePublished\":\"2024-10-29T02:16:22+00:00\",\"dateModified\":\"2025-04-02T10:11:41+00:00\",\"description\":\"CF40-B AC drive supports vector control for 3-phase motors (3.7KW\u201322KW). Ideal for fans, pumps, packaging, textile, HVAC & water systems. Stable, smart, reliable.SEO Keywords\",\"breadcrumb\":{\"@id\":\"https:\/\/linventelectric.com\/product\/cf40-b-ac-variable-frequency-drive\/#breadcrumb\"},\"inLanguage\":\"es\",\"potentialAction\":[{\"@type\":\"ReadAction\",\"target\":[\"https:\/\/linventelectric.com\/product\/cf40-b-ac-variable-frequency-drive\/\"]}]},{\"@type\":\"ImageObject\",\"inLanguage\":\"es\",\"@id\":\"https:\/\/linventelectric.com\/product\/cf40-b-ac-variable-frequency-drive\/#primaryimage\",\"url\":\"https:\/\/linventelectric.com\/wp-content\/uploads\/2024\/10\/output-scaled.jpg\",\"contentUrl\":\"https:\/\/linventelectric.com\/wp-content\/uploads\/2024\/10\/output-scaled.jpg\",\"width\":2560,\"height\":1707,\"caption\":\"CF40-B Series High Performance Variable Frequency Drive\"},{\"@type\":\"BreadcrumbList\",\"@id\":\"https:\/\/linventelectric.com\/product\/cf40-b-ac-variable-frequency-drive\/#breadcrumb\",\"itemListElement\":[{\"@type\":\"ListItem\",\"position\":1,\"name\":\"Home\",\"item\":\"https:\/\/linventelectric.com\/\"},{\"@type\":\"ListItem\",\"position\":2,\"name\":\"Products\",\"item\":\"https:\/\/linventelectric.com\/products\/\"},{\"@type\":\"ListItem\",\"position\":3,\"name\":\"CF40-B Series High Performance Variable Frequency Drive\"}]},{\"@type\":\"WebSite\",\"@id\":\"https:\/\/linventelectric.com\/#website\",\"url\":\"https:\/\/linventelectric.com\/\",\"name\":\"LinventElectric China - Electrical Control Systems & Equipment Protection Solutions\",\"description\":\"Electrical Control &amp; Protection Solutions\",\"publisher\":{\"@id\":\"https:\/\/linventelectric.com\/#organization\"},\"potentialAction\":[{\"@type\":\"SearchAction\",\"target\":{\"@type\":\"EntryPoint\",\"urlTemplate\":\"https:\/\/linventelectric.com\/?s={search_term_string}\"},\"query-input\":{\"@type\":\"PropertyValueSpecification\",\"valueRequired\":true,\"valueName\":\"search_term_string\"}}],\"inLanguage\":\"es\"},{\"@type\":\"Organization\",\"@id\":\"https:\/\/linventelectric.com\/#organization\",\"name\":\"LinventElectric China - Electrical Control Systems & Equipment Protection Solutions\",\"url\":\"https:\/\/linventelectric.com\/\",\"logo\":{\"@type\":\"ImageObject\",\"inLanguage\":\"es\",\"@id\":\"https:\/\/linventelectric.com\/#\/schema\/logo\/image\/\",\"url\":\"https:\/\/linventelectric.com\/wp-content\/uploads\/2025\/03\/cropped-linventelectriclogo.png\",\"contentUrl\":\"https:\/\/linventelectric.com\/wp-content\/uploads\/2025\/03\/cropped-linventelectriclogo.png\",\"width\":323,\"height\":109,\"caption\":\"LinventElectric China - Electrical Control Systems & Equipment Protection Solutions\"},\"image\":{\"@id\":\"https:\/\/linventelectric.com\/#\/schema\/logo\/image\/\"}}]}<\/script>\n<meta property=\"product:price:amount\" content=\"0.00\" \/>\n<meta property=\"product:price:currency\" content=\"USD\" \/>\n<meta property=\"og:availability\" content=\"instock\" \/>\n<meta property=\"product:availability\" content=\"instock\" \/>\n<meta property=\"product:condition\" content=\"new\" \/>\n<!-- \/ Yoast SEO Premium plugin. -->","yoast_head_json":{"title":"CF40-B Series High Performance Variable Frequency Drive - Linvent Electric","description":"CF40-B AC drive supports vector control for 3-phase motors (3.7KW\u201322KW). Ideal for fans, pumps, packaging, textile, HVAC & water systems. Stable, smart, reliable.SEO Keywords","robots":{"index":"index","follow":"follow","max-snippet":"max-snippet:-1","max-image-preview":"max-image-preview:large","max-video-preview":"max-video-preview:-1"},"canonical":"https:\/\/linventelectric.com\/es\/producto\/cf40-b-ac-variable-frequency-drive\/","og_locale":"es_ES","og_type":"article","og_title":"CF40-B Series High Performance Variable Frequency Drive","og_description":"CF40-B AC drive supports vector control for 3-phase motors (3.7KW\u201322KW). Ideal for fans, pumps, packaging, textile, HVAC & water systems. Stable, smart, reliable.SEO Keywords","og_url":"https:\/\/linventelectric.com\/es\/producto\/cf40-b-ac-variable-frequency-drive\/","og_site_name":"Linvent Electric","article_modified_time":"2025-04-02T10:11:41+00:00","og_image":[{"width":2560,"height":1707,"url":"https:\/\/linventelectric.com\/wp-content\/uploads\/2024\/10\/output-scaled.jpg","type":"image\/jpeg"}],"twitter_card":"summary_large_image","twitter_misc":{"Precio":"","Disponibilidad":"Disponible"},"schema":{"@context":"https:\/\/schema.org","@graph":[{"@type":"WebPage","@id":"https:\/\/linventelectric.com\/product\/cf40-b-ac-variable-frequency-drive\/","url":"https:\/\/linventelectric.com\/product\/cf40-b-ac-variable-frequency-drive\/","name":"CF40-B Series High Performance Variable Frequency Drive - Linvent Electric","isPartOf":{"@id":"https:\/\/linventelectric.com\/#website"},"primaryImageOfPage":{"@id":"https:\/\/linventelectric.com\/product\/cf40-b-ac-variable-frequency-drive\/#primaryimage"},"image":{"@id":"https:\/\/linventelectric.com\/product\/cf40-b-ac-variable-frequency-drive\/#primaryimage"},"thumbnailUrl":"https:\/\/linventelectric.com\/wp-content\/uploads\/2024\/10\/output-scaled.jpg","datePublished":"2024-10-29T02:16:22+00:00","dateModified":"2025-04-02T10:11:41+00:00","description":"CF40-B AC drive supports vector control for 3-phase motors (3.7KW\u201322KW). Ideal for fans, pumps, packaging, textile, HVAC & water systems. Stable, smart, reliable.SEO Keywords","breadcrumb":{"@id":"https:\/\/linventelectric.com\/product\/cf40-b-ac-variable-frequency-drive\/#breadcrumb"},"inLanguage":"es","potentialAction":[{"@type":"ReadAction","target":["https:\/\/linventelectric.com\/product\/cf40-b-ac-variable-frequency-drive\/"]}]},{"@type":"ImageObject","inLanguage":"es","@id":"https:\/\/linventelectric.com\/product\/cf40-b-ac-variable-frequency-drive\/#primaryimage","url":"https:\/\/linventelectric.com\/wp-content\/uploads\/2024\/10\/output-scaled.jpg","contentUrl":"https:\/\/linventelectric.com\/wp-content\/uploads\/2024\/10\/output-scaled.jpg","width":2560,"height":1707,"caption":"CF40-B Series High Performance Variable Frequency Drive"},{"@type":"BreadcrumbList","@id":"https:\/\/linventelectric.com\/product\/cf40-b-ac-variable-frequency-drive\/#breadcrumb","itemListElement":[{"@type":"ListItem","position":1,"name":"Home","item":"https:\/\/linventelectric.com\/"},{"@type":"ListItem","position":2,"name":"Products","item":"https:\/\/linventelectric.com\/products\/"},{"@type":"ListItem","position":3,"name":"CF40-B Series High Performance Variable Frequency Drive"}]},{"@type":"WebSite","@id":"https:\/\/linventelectric.com\/#website","url":"https:\/\/linventelectric.com\/","name":"LinventElectric China - Electrical Control Systems & Equipment Protection Solutions","description":"Electrical Control &amp; Protection Solutions","publisher":{"@id":"https:\/\/linventelectric.com\/#organization"},"potentialAction":[{"@type":"SearchAction","target":{"@type":"EntryPoint","urlTemplate":"https:\/\/linventelectric.com\/?s={search_term_string}"},"query-input":{"@type":"PropertyValueSpecification","valueRequired":true,"valueName":"search_term_string"}}],"inLanguage":"es"},{"@type":"Organization","@id":"https:\/\/linventelectric.com\/#organization","name":"LinventElectric China - Electrical Control Systems & Equipment Protection Solutions","url":"https:\/\/linventelectric.com\/","logo":{"@type":"ImageObject","inLanguage":"es","@id":"https:\/\/linventelectric.com\/#\/schema\/logo\/image\/","url":"https:\/\/linventelectric.com\/wp-content\/uploads\/2025\/03\/cropped-linventelectriclogo.png","contentUrl":"https:\/\/linventelectric.com\/wp-content\/uploads\/2025\/03\/cropped-linventelectriclogo.png","width":323,"height":109,"caption":"LinventElectric China - Electrical Control Systems & Equipment Protection Solutions"},"image":{"@id":"https:\/\/linventelectric.com\/#\/schema\/logo\/image\/"}}]},"product_price_amount":"0.00","product_price_currency":"USD","og_availability":"instock","product_availability":"instock","product_condition":"new"},"_links":{"self":[{"href":"https:\/\/linventelectric.com\/es\/wp-json\/wp\/v2\/product\/842","targetHints":{"allow":["GET"]}}],"collection":[{"href":"https:\/\/linventelectric.com\/es\/wp-json\/wp\/v2\/product"}],"about":[{"href":"https:\/\/linventelectric.com\/es\/wp-json\/wp\/v2\/types\/product"}],"wp:featuredmedia":[{"embeddable":true,"href":"https:\/\/linventelectric.com\/es\/wp-json\/wp\/v2\/media\/8065"}],"wp:attachment":[{"href":"https:\/\/linventelectric.com\/es\/wp-json\/wp\/v2\/media?parent=842"}],"wp:term":[{"taxonomy":"product_brand","embeddable":true,"href":"https:\/\/linventelectric.com\/es\/wp-json\/wp\/v2\/product_brand?post=842"},{"taxonomy":"product_cat","embeddable":true,"href":"https:\/\/linventelectric.com\/es\/wp-json\/wp\/v2\/product_cat?post=842"},{"taxonomy":"product_tag","embeddable":true,"href":"https:\/\/linventelectric.com\/es\/wp-json\/wp\/v2\/product_tag?post=842"}],"curies":[{"name":"wp","href":"https:\/\/api.w.org\/{rel}","templated":true}]}}