{"id":847,"date":"2024-10-29T02:26:56","date_gmt":"2024-10-29T02:26:56","guid":{"rendered":"https:\/\/linventelectric.com\/?post_type=product&#038;p=847"},"modified":"2025-03-06T07:41:08","modified_gmt":"2025-03-06T07:41:08","slug":"cf40-c-series-high-performance-ac-drive","status":"publish","type":"product","link":"https:\/\/linventelectric.com\/es\/producto\/cf40-c-series-high-performance-ac-drive\/","title":{"rendered":"Arrancador suave de estado s\u00f3lido para motor de alta tensi\u00f3n serie HVLTICM"},"content":{"rendered":"<h1 style=\"text-align: center;\">Productos<\/h1>\n<h4>Caracter\u00edsticas<\/h4>\n<div data-page-id=\"XQiGdyqLdoIBBgxEl3qcCPYhnTm\" data-lark-html-role=\"root\" data-docx-has-block-data=\"false\">\n<div data-page-id=\"XQiGdyqLdoIBBgxEl3qcCPYhnTm\" data-lark-html-role=\"root\" data-docx-has-block-data=\"false\">\n<ol class=\"list-number1\" start=\"1\">\n<li class=\"ace-line ace-line old-record-id-KjZcd4G7DoPOFLxpoE4cCDYkn9d\" data-list=\"number\">\n<div>El dise\u00f1o integrado combina la aparamenta de alta tensi\u00f3n y el armario de arranque de alta tensi\u00f3n, con un volumen reducido y una instalaci\u00f3n sencilla. Integrado internamente con disyuntores de vac\u00edo de alta tensi\u00f3n, protectores integrales con microordenador, grupos de v\u00e1lvulas de tiristores trif\u00e1sicos, contactores de derivaci\u00f3n de vac\u00edo, transformadores de tensi\u00f3n de alta tensi\u00f3n, transformadores de corriente de alta tensi\u00f3n y otros componentes, sin necesidad de aparamenta externa ni armarios de maniobra, lo que supone un gran ahorro de inversi\u00f3n en equipos.<\/div>\n<\/li>\n<li class=\"ace-line ace-line old-record-id-TRL0dLbIto5x39xwF5AcwbJNnfW\" data-list=\"number\">\n<div>El armario est\u00e1 hecho de chapa de aluminio de alta calidad con recubrimiento de zinc, procesado por m\u00e1quina CNC, totalmente blindado de metal, estructura ensamblada, adecuado para varios esquemas de combinaci\u00f3n. Adoptando la tecnolog\u00eda plegable m\u00faltiple avanzada, conectada con las tuercas y los pernos del remache, tiene alta precisi\u00f3n, resistencia a la corrosi\u00f3n, peso ligero, alta fuerza, universalidad fuerte de piezas, aspecto hermoso, alta seguridad, y es conveniente ser combinado con el interruptor est\u00e1ndar in situ.<\/div>\n<\/li>\n<li class=\"ace-line ace-line old-record-id-EK6Kd2HgfotE3txHNqrcnC2QnRd\" data-list=\"number\">\n<div>Un dispositivo de enclavamiento de gran fiabilidad que cumple los requisitos de \"cinco prevenciones\". El armario est\u00e1 equipado con un calentador y un controlador de temperatura y humedad para evitar la condensaci\u00f3n y la corrosi\u00f3n. El panel de la m\u00e1quina todo en uno tiene indicaci\u00f3n de posici\u00f3n del disyuntor, indicaci\u00f3n de almacenamiento de energ\u00eda, indicaci\u00f3n de estado de arranque suave, etc.<\/div>\n<\/li>\n<li class=\"ace-line ace-line old-record-id-AkO5dhohZoOddnx3hDKcOjH7nxe\" data-list=\"number\">\n<div>La estructura del conjunto de v\u00e1lvulas trif\u00e1sicas de tiristores es de instalaci\u00f3n modular, con m\u00faltiples tecnolog\u00edas de absorci\u00f3n y protecci\u00f3n de sobretensiones.<\/div>\n<\/li>\n<li class=\"ace-line ace-line old-record-id-HjVBdBh4Koto6oxaYSzcNIo4nlc\" data-list=\"number\">\n<div>El tiristor adopta m\u00e9todos de ecualizaci\u00f3n de tensi\u00f3n est\u00e1tica y din\u00e1mica, combinando el disparo de corriente de alto impulso y el disparo de reserva para garantizar la seguridad y fiabilidad del funcionamiento del equipo.<\/div>\n<\/li>\n<li class=\"ace-line ace-line old-record-id-TfEHd7UbcoEjkhx5AfZcUGtCnxb\" data-list=\"number\">\n<div>El sistema de control adopta chips microcontroladores de alto rendimiento, que permiten un control del dispositivo en tiempo real, eficiente, fiable y estable.<\/div>\n<\/li>\n<li class=\"ace-line ace-line old-record-id-FOFWd1o3No6ERLx9SyTcnPP1nyb\" data-list=\"number\">\n<div>Funci\u00f3n de medici\u00f3n: corriente media, corriente trif\u00e1sica A\/B\/C, tensi\u00f3n de alimentaci\u00f3n entrante, medici\u00f3n de secuencia de fases.<\/div>\n<\/li>\n<li class=\"ace-line ace-line old-record-id-TF6FdJnMPo1Smkx5cELcLARBnFj\" data-list=\"number\">\n<div>Funciones de protecci\u00f3n: funci\u00f3n de protecci\u00f3n integral por microordenador, protecci\u00f3n contra sobretensi\u00f3n de rayo, igualaci\u00f3n de tensi\u00f3n est\u00e1tica y din\u00e1mica por tiristor, p\u00e9rdida de fase, sobretensi\u00f3n, subtensi\u00f3n, sobrecorriente de arranque, sobrecorriente de funcionamiento, sobrecarga de arranque, sobrecarga de funcionamiento, subcarga, desequilibrio de corriente, tiempo de espera de arranque, detecci\u00f3n de fallo de entrada externa, etc. Se puede ajustar el tiempo de acci\u00f3n de la protecci\u00f3n.<\/div>\n<\/li>\n<li class=\"ace-line ace-line old-record-id-N4NQd7InGoswtBxRYU8cnvOFnag\" data-list=\"number\">\n<div>M\u00faltiples m\u00e9todos de arranque y parada: limitaci\u00f3n de corriente+arranque en rampa, arranque con limitaci\u00f3n de corriente, jog, salto+arranque en rampa de tensi\u00f3n, etc. Los m\u00e9todos de parada libre y parada suave est\u00e1n disponibles para su selecci\u00f3n.<\/div>\n<\/li>\n<li class=\"ace-line ace-line old-record-id-HoN5ddQ02o91UGxrVcQckavDndb\" data-list=\"number\">\n<div>Funci\u00f3n de visualizaci\u00f3n: El panel de operaci\u00f3n del arrancador suave es un sistema de visualizaci\u00f3n LCD de pantalla grande en chino e ingl\u00e9s, que es f\u00e1cil de operar y m\u00e1s f\u00e1cil de usar.<\/div>\n<\/li>\n<li class=\"ace-line ace-line old-record-id-LJG8dgQrWoCfY1xtsTAcimTgnkd\" data-list=\"number\">\n<div>Funci\u00f3n de comunicaci\u00f3n: Interfaz de comunicaci\u00f3n del protector integrado en el microordenador. El armario del arrancador suave de alta tensi\u00f3n adopta la comunicaci\u00f3n RS485 completamente aislada el\u00e9ctricamente, protocolo MODBUS RTU, y puede ser controlado centralmente por un ordenador superior.<\/div>\n<\/li>\n<li class=\"ace-line ace-line old-record-id-WH4jdhwxIoPHUexC8dtcngBcn6e\" data-list=\"number\">\n<div>Equipado con control externo para arranque, parada, reinicio de entradas y fallos, bypass, salidas programables y salida anal\u00f3gica de 4-20 mA.<\/div>\n<\/li>\n<\/ol>\n<p>&nbsp;<\/p>\n<\/div>\n<h4>Aplicaciones<\/h4>\n<div data-page-id=\"XQiGdyqLdoIBBgxEl3qcCPYhnTm\" data-lark-html-role=\"root\" data-docx-has-block-data=\"false\">\n<div data-page-id=\"XQiGdyqLdoIBBgxEl3qcCPYhnTm\" data-lark-html-role=\"root\" data-docx-has-block-data=\"false\">\n<ol class=\"list-number1\" start=\"1\">\n<li class=\"ace-line ace-line old-record-id-PUepdFIhHoNkEdxiDEwc0EbIn8c\" data-list=\"number\">\n<div>Petr\u00f3leo e industria qu\u00edmica<\/div>\n<\/li>\n<li class=\"ace-line ace-line old-record-id-UNfSd0vOgofA8Sxq35vcRojunHb\" data-list=\"number\">\n<div>Conservaci\u00f3n del agua e industria hidroel\u00e9ctrica<\/div>\n<\/li>\n<li class=\"ace-line ace-line old-record-id-ZMxPds1TOoNFCkx0avgcQJXUneb\" data-list=\"number\">\n<div>Industria metal\u00fargica<\/div>\n<\/li>\n<\/ol>\n<\/div>\n<\/div>\n<\/div>","protected":false},"excerpt":{"rendered":"<div data-page-id=\"XQiGdyqLdoIBBgxEl3qcCPYhnTm\" data-lark-html-role=\"root\" data-docx-has-block-data=\"false\">\n<div class=\"ace-line ace-line old-record-id-U2jsdcxPxo55YcxGn4gcly1onlc\">\n<div data-page-id=\"XQiGdyqLdoIBBgxEl3qcCPYhnTm\" data-lark-html-role=\"root\" data-docx-has-block-data=\"false\">\n<div class=\"ace-line ace-line old-record-id-LbVbdDhcyoq712xcR1rcLJJ9n0g\">\n<div data-page-id=\"XQiGdyqLdoIBBgxEl3qcCPYhnTm\" data-lark-html-role=\"root\" data-docx-has-block-data=\"false\">\n<div class=\"ace-line ace-line old-record-id-TthddfxgKo0FR6xp1pOczYWfnkf\">El arrancador suave de estado s\u00f3lido de alta tensi\u00f3n es adecuado para arrancar motores de CA de 3KV-15KV. El producto integra las funciones de la aparamenta de alta tensi\u00f3n y el arrancador suave de alta tensi\u00f3n, utilizando control inform\u00e1tico de alto rendimiento, procesamiento digital de se\u00f1ales, conexi\u00f3n en serie de tiristores de potencia de alta tensi\u00f3n, fuente de alimentaci\u00f3n conmutada de alta frecuencia, interfaz hombre-m\u00e1quina, comunicaci\u00f3n de red digital, protecci\u00f3n integral del motor y otras tecnolog\u00edas para el control de arranque y parada y la supervisi\u00f3n del funcionamiento de motores de alta tensi\u00f3n. El producto adopta un modo de trabajo de limitaci\u00f3n de corriente o rampa de tensi\u00f3n para controlar la tensi\u00f3n de entrada del motor, limitando y reduciendo as\u00ed la corriente de arranque del motor. No s\u00f3lo puede hacer que el arranque y la parada del motor sean suaves y estables, y proteger el funcionamiento seguro y fiable del motor, sino tambi\u00e9n lograr la supervisi\u00f3n y el funcionamiento a distancia.<\/div>\n<div class=\"ace-line ace-line old-record-id-BjSHdwkLPob87ixxJybcncnInNG\"><\/div>\n<div class=\"ace-line ace-line old-record-id-NfURdvVIUo9WZJxreCxc9nr3nbD\"><strong>Rango de potencia<\/strong><\/div>\n<div class=\"ace-line ace-line old-record-id-FkYrd4403ooulXxapBEcv9IvnDb\">420KW~6300KW<\/div>\n<div class=\"ace-line ace-line old-record-id-PwLwdDW8moAU54xQ1QccFNVXnpl\"><\/div>\n<div class=\"ace-line ace-line old-record-id-UNp5diGuToD0z3xbpWHc4SPenhd\"><strong>Tensi\u00f3n de entrada<\/strong><\/div>\n<div class=\"ace-line ace-line old-record-id-ZXoMdzfuPo57JkxpyF4cXk37nVc\">3,3KV trif\u00e1sico<\/div>\n<div class=\"ace-line ace-line old-record-id-Lh1xdOo6dofWM0xD1fcczl9InMc\">6,6KV trif\u00e1sico<\/div>\n<div class=\"ace-line ace-line old-record-id-Ty1mduleNoTHblxpKjhcKYUsnob\">10KV trif\u00e1sico<\/div>\n<\/div>\n<\/div>\n<\/div>\n<\/div>\n<\/div>","protected":false},"featured_media":8070,"template":"","meta":{"_daextam_enable_autolinks":"","powered_cache_disable_cache":false},"product_brand":[],"product_cat":[39],"product_tag":[87,88],"class_list":{"0":"post-847","1":"product","2":"type-product","3":"status-publish","4":"has-post-thumbnail","6":"product_cat-motor-soft-starter","7":"product_tag-high-voltage-motor-solid-state-soft-starter","8":"product_tag-soft-starter","10":"first","11":"instock","12":"featured","13":"shipping-taxable","14":"product-type-simple"},"acf":[],"yoast_head":"<!-- This site is optimized with the Yoast SEO Premium plugin v24.4 (Yoast SEO v24.5) - https:\/\/yoast.com\/wordpress\/plugins\/seo\/ -->\n<title>HVLTICM Series High-voltage Motor Solid State Soft Starter - Linvent Electric<\/title>\n<meta name=\"robots\" content=\"index, follow, max-snippet:-1, max-image-preview:large, max-video-preview:-1\" \/>\n<link rel=\"canonical\" href=\"https:\/\/linventelectric.com\/es\/producto\/cf40-c-series-high-performance-ac-drive\/\" \/>\n<meta property=\"og:locale\" content=\"es_ES\" \/>\n<meta property=\"og:type\" content=\"article\" \/>\n<meta property=\"og:title\" content=\"HVLTICM Series High-voltage Motor Solid State Soft Starter\" \/>\n<meta property=\"og:description\" content=\"High voltage solid-state soft starter is suitable for starting AC motors ranging from 3KV-15KV. The product integrates the functions of high-voltage switchgear and high-voltage soft starter, using high-performance computer control, digital signal processing, high-voltage power thyristor series connection, high-frequency switching power supply, human-machine interface, digital network communication, motor comprehensive protection and other technologies for the start stop control and operation monitoring of high-voltage motors. The product adopts a current limiting or voltage ramp working mode to control the input voltage of the motor, thereby limiting and reducing the starting current of the motor. It can not only make the motor start stop smoothly and stably, protect the safe and reliable operation of the motor, but also achieve remote monitoring and operation.  Power Range 420KW~6300KW  Input Voltage 3.3KV 3-phase 6.6KV 3-phase 10KV 3-phase\" \/>\n<meta property=\"og:url\" content=\"https:\/\/linventelectric.com\/es\/producto\/cf40-c-series-high-performance-ac-drive\/\" \/>\n<meta property=\"og:site_name\" content=\"Linvent Electric\" \/>\n<meta property=\"article:modified_time\" content=\"2025-03-06T07:41:08+00:00\" \/>\n<meta property=\"og:image\" content=\"https:\/\/linventelectric.com\/wp-content\/uploads\/2024\/10\/HVLTICM-Series-High-voltage-Motor-Solid-State-Soft-Starter-1.jpg\" \/>\n\t<meta property=\"og:image:width\" content=\"1000\" \/>\n\t<meta property=\"og:image:height\" content=\"667\" \/>\n\t<meta property=\"og:image:type\" content=\"image\/jpeg\" \/>\n<meta name=\"twitter:card\" content=\"summary_large_image\" \/>\n<meta name=\"twitter:label1\" content=\"Precio\" \/>\n\t<meta name=\"twitter:data1\" content=\"\" \/>\n\t<meta name=\"twitter:label2\" content=\"Disponibilidad\" \/>\n\t<meta name=\"twitter:data2\" content=\"Disponible\" \/>\n<script type=\"application\/ld+json\" class=\"yoast-schema-graph\">{\"@context\":\"https:\/\/schema.org\",\"@graph\":[{\"@type\":\"WebPage\",\"@id\":\"https:\/\/linventelectric.com\/product\/cf40-c-series-high-performance-ac-drive\/\",\"url\":\"https:\/\/linventelectric.com\/product\/cf40-c-series-high-performance-ac-drive\/\",\"name\":\"HVLTICM Series High-voltage Motor Solid State Soft Starter - Linvent Electric\",\"isPartOf\":{\"@id\":\"https:\/\/linventelectric.com\/#website\"},\"primaryImageOfPage\":{\"@id\":\"https:\/\/linventelectric.com\/product\/cf40-c-series-high-performance-ac-drive\/#primaryimage\"},\"image\":{\"@id\":\"https:\/\/linventelectric.com\/product\/cf40-c-series-high-performance-ac-drive\/#primaryimage\"},\"thumbnailUrl\":\"https:\/\/linventelectric.com\/wp-content\/uploads\/2024\/10\/HVLTICM-Series-High-voltage-Motor-Solid-State-Soft-Starter-1.jpg\",\"datePublished\":\"2024-10-29T02:26:56+00:00\",\"dateModified\":\"2025-03-06T07:41:08+00:00\",\"breadcrumb\":{\"@id\":\"https:\/\/linventelectric.com\/product\/cf40-c-series-high-performance-ac-drive\/#breadcrumb\"},\"inLanguage\":\"es\",\"potentialAction\":[{\"@type\":\"ReadAction\",\"target\":[\"https:\/\/linventelectric.com\/product\/cf40-c-series-high-performance-ac-drive\/\"]}]},{\"@type\":\"ImageObject\",\"inLanguage\":\"es\",\"@id\":\"https:\/\/linventelectric.com\/product\/cf40-c-series-high-performance-ac-drive\/#primaryimage\",\"url\":\"https:\/\/linventelectric.com\/wp-content\/uploads\/2024\/10\/HVLTICM-Series-High-voltage-Motor-Solid-State-Soft-Starter-1.jpg\",\"contentUrl\":\"https:\/\/linventelectric.com\/wp-content\/uploads\/2024\/10\/HVLTICM-Series-High-voltage-Motor-Solid-State-Soft-Starter-1.jpg\",\"width\":1000,\"height\":667,\"caption\":\"HVLTICM Series High-voltage Motor Solid State Soft Starter\"},{\"@type\":\"BreadcrumbList\",\"@id\":\"https:\/\/linventelectric.com\/product\/cf40-c-series-high-performance-ac-drive\/#breadcrumb\",\"itemListElement\":[{\"@type\":\"ListItem\",\"position\":1,\"name\":\"Home\",\"item\":\"https:\/\/linventelectric.com\/\"},{\"@type\":\"ListItem\",\"position\":2,\"name\":\"Products\",\"item\":\"https:\/\/linventelectric.com\/products\/\"},{\"@type\":\"ListItem\",\"position\":3,\"name\":\"HVLTICM Series High-voltage Motor Solid State Soft Starter\"}]},{\"@type\":\"WebSite\",\"@id\":\"https:\/\/linventelectric.com\/#website\",\"url\":\"https:\/\/linventelectric.com\/\",\"name\":\"LinventElectric China - Electrical Control Systems & Equipment Protection Solutions\",\"description\":\"Electrical Control &amp; Protection Solutions\",\"publisher\":{\"@id\":\"https:\/\/linventelectric.com\/#organization\"},\"potentialAction\":[{\"@type\":\"SearchAction\",\"target\":{\"@type\":\"EntryPoint\",\"urlTemplate\":\"https:\/\/linventelectric.com\/?s={search_term_string}\"},\"query-input\":{\"@type\":\"PropertyValueSpecification\",\"valueRequired\":true,\"valueName\":\"search_term_string\"}}],\"inLanguage\":\"es\"},{\"@type\":\"Organization\",\"@id\":\"https:\/\/linventelectric.com\/#organization\",\"name\":\"LinventElectric China - Electrical Control Systems & Equipment Protection Solutions\",\"url\":\"https:\/\/linventelectric.com\/\",\"logo\":{\"@type\":\"ImageObject\",\"inLanguage\":\"es\",\"@id\":\"https:\/\/linventelectric.com\/#\/schema\/logo\/image\/\",\"url\":\"https:\/\/linventelectric.com\/wp-content\/uploads\/2025\/03\/cropped-linventelectriclogo.png\",\"contentUrl\":\"https:\/\/linventelectric.com\/wp-content\/uploads\/2025\/03\/cropped-linventelectriclogo.png\",\"width\":323,\"height\":109,\"caption\":\"LinventElectric China - Electrical Control Systems & Equipment Protection Solutions\"},\"image\":{\"@id\":\"https:\/\/linventelectric.com\/#\/schema\/logo\/image\/\"}}]}<\/script>\n<meta property=\"product:price:amount\" content=\"0.00\" \/>\n<meta property=\"product:price:currency\" content=\"USD\" \/>\n<meta property=\"og:availability\" content=\"instock\" \/>\n<meta property=\"product:availability\" content=\"instock\" \/>\n<meta property=\"product:condition\" content=\"new\" \/>\n<!-- \/ Yoast SEO Premium plugin. -->","yoast_head_json":{"title":"HVLTICM Series High-voltage Motor Solid State Soft Starter - Linvent Electric","robots":{"index":"index","follow":"follow","max-snippet":"max-snippet:-1","max-image-preview":"max-image-preview:large","max-video-preview":"max-video-preview:-1"},"canonical":"https:\/\/linventelectric.com\/es\/producto\/cf40-c-series-high-performance-ac-drive\/","og_locale":"es_ES","og_type":"article","og_title":"HVLTICM Series High-voltage Motor Solid State Soft Starter","og_description":"High voltage solid-state soft starter is suitable for starting AC motors ranging from 3KV-15KV. The product integrates the functions of high-voltage switchgear and high-voltage soft starter, using high-performance computer control, digital signal processing, high-voltage power thyristor series connection, high-frequency switching power supply, human-machine interface, digital network communication, motor comprehensive protection and other technologies for the start stop control and operation monitoring of high-voltage motors. The product adopts a current limiting or voltage ramp working mode to control the input voltage of the motor, thereby limiting and reducing the starting current of the motor. It can not only make the motor start stop smoothly and stably, protect the safe and reliable operation of the motor, but also achieve remote monitoring and operation.  Power Range 420KW~6300KW  Input Voltage 3.3KV 3-phase 6.6KV 3-phase 10KV 3-phase","og_url":"https:\/\/linventelectric.com\/es\/producto\/cf40-c-series-high-performance-ac-drive\/","og_site_name":"Linvent Electric","article_modified_time":"2025-03-06T07:41:08+00:00","og_image":[{"width":1000,"height":667,"url":"https:\/\/linventelectric.com\/wp-content\/uploads\/2024\/10\/HVLTICM-Series-High-voltage-Motor-Solid-State-Soft-Starter-1.jpg","type":"image\/jpeg"}],"twitter_card":"summary_large_image","twitter_misc":{"Precio":"","Disponibilidad":"Disponible"},"schema":{"@context":"https:\/\/schema.org","@graph":[{"@type":"WebPage","@id":"https:\/\/linventelectric.com\/product\/cf40-c-series-high-performance-ac-drive\/","url":"https:\/\/linventelectric.com\/product\/cf40-c-series-high-performance-ac-drive\/","name":"HVLTICM Series High-voltage Motor Solid State Soft Starter - Linvent Electric","isPartOf":{"@id":"https:\/\/linventelectric.com\/#website"},"primaryImageOfPage":{"@id":"https:\/\/linventelectric.com\/product\/cf40-c-series-high-performance-ac-drive\/#primaryimage"},"image":{"@id":"https:\/\/linventelectric.com\/product\/cf40-c-series-high-performance-ac-drive\/#primaryimage"},"thumbnailUrl":"https:\/\/linventelectric.com\/wp-content\/uploads\/2024\/10\/HVLTICM-Series-High-voltage-Motor-Solid-State-Soft-Starter-1.jpg","datePublished":"2024-10-29T02:26:56+00:00","dateModified":"2025-03-06T07:41:08+00:00","breadcrumb":{"@id":"https:\/\/linventelectric.com\/product\/cf40-c-series-high-performance-ac-drive\/#breadcrumb"},"inLanguage":"es","potentialAction":[{"@type":"ReadAction","target":["https:\/\/linventelectric.com\/product\/cf40-c-series-high-performance-ac-drive\/"]}]},{"@type":"ImageObject","inLanguage":"es","@id":"https:\/\/linventelectric.com\/product\/cf40-c-series-high-performance-ac-drive\/#primaryimage","url":"https:\/\/linventelectric.com\/wp-content\/uploads\/2024\/10\/HVLTICM-Series-High-voltage-Motor-Solid-State-Soft-Starter-1.jpg","contentUrl":"https:\/\/linventelectric.com\/wp-content\/uploads\/2024\/10\/HVLTICM-Series-High-voltage-Motor-Solid-State-Soft-Starter-1.jpg","width":1000,"height":667,"caption":"HVLTICM Series High-voltage Motor Solid State Soft Starter"},{"@type":"BreadcrumbList","@id":"https:\/\/linventelectric.com\/product\/cf40-c-series-high-performance-ac-drive\/#breadcrumb","itemListElement":[{"@type":"ListItem","position":1,"name":"Home","item":"https:\/\/linventelectric.com\/"},{"@type":"ListItem","position":2,"name":"Products","item":"https:\/\/linventelectric.com\/products\/"},{"@type":"ListItem","position":3,"name":"HVLTICM Series High-voltage Motor Solid State Soft Starter"}]},{"@type":"WebSite","@id":"https:\/\/linventelectric.com\/#website","url":"https:\/\/linventelectric.com\/","name":"LinventElectric China - Electrical Control Systems & Equipment Protection Solutions","description":"Electrical Control &amp; Protection Solutions","publisher":{"@id":"https:\/\/linventelectric.com\/#organization"},"potentialAction":[{"@type":"SearchAction","target":{"@type":"EntryPoint","urlTemplate":"https:\/\/linventelectric.com\/?s={search_term_string}"},"query-input":{"@type":"PropertyValueSpecification","valueRequired":true,"valueName":"search_term_string"}}],"inLanguage":"es"},{"@type":"Organization","@id":"https:\/\/linventelectric.com\/#organization","name":"LinventElectric China - Electrical Control Systems & Equipment Protection Solutions","url":"https:\/\/linventelectric.com\/","logo":{"@type":"ImageObject","inLanguage":"es","@id":"https:\/\/linventelectric.com\/#\/schema\/logo\/image\/","url":"https:\/\/linventelectric.com\/wp-content\/uploads\/2025\/03\/cropped-linventelectriclogo.png","contentUrl":"https:\/\/linventelectric.com\/wp-content\/uploads\/2025\/03\/cropped-linventelectriclogo.png","width":323,"height":109,"caption":"LinventElectric China - Electrical Control Systems & Equipment Protection Solutions"},"image":{"@id":"https:\/\/linventelectric.com\/#\/schema\/logo\/image\/"}}]},"product_price_amount":"0.00","product_price_currency":"USD","og_availability":"instock","product_availability":"instock","product_condition":"new"},"_links":{"self":[{"href":"https:\/\/linventelectric.com\/es\/wp-json\/wp\/v2\/product\/847","targetHints":{"allow":["GET"]}}],"collection":[{"href":"https:\/\/linventelectric.com\/es\/wp-json\/wp\/v2\/product"}],"about":[{"href":"https:\/\/linventelectric.com\/es\/wp-json\/wp\/v2\/types\/product"}],"wp:featuredmedia":[{"embeddable":true,"href":"https:\/\/linventelectric.com\/es\/wp-json\/wp\/v2\/media\/8070"}],"wp:attachment":[{"href":"https:\/\/linventelectric.com\/es\/wp-json\/wp\/v2\/media?parent=847"}],"wp:term":[{"taxonomy":"product_brand","embeddable":true,"href":"https:\/\/linventelectric.com\/es\/wp-json\/wp\/v2\/product_brand?post=847"},{"taxonomy":"product_cat","embeddable":true,"href":"https:\/\/linventelectric.com\/es\/wp-json\/wp\/v2\/product_cat?post=847"},{"taxonomy":"product_tag","embeddable":true,"href":"https:\/\/linventelectric.com\/es\/wp-json\/wp\/v2\/product_tag?post=847"}],"curies":[{"name":"wp","href":"https:\/\/api.w.org\/{rel}","templated":true}]}}