{"id":948,"date":"2025-01-03T06:56:02","date_gmt":"2025-01-03T06:56:02","guid":{"rendered":"https:\/\/linventelectric.com\/?post_type=product&#038;p=948"},"modified":"2025-04-02T10:00:42","modified_gmt":"2025-04-02T10:00:42","slug":"lticm-series-low-voltage-motor-soft-starte","status":"publish","type":"product","link":"https:\/\/linventelectric.com\/es\/producto\/lticm-series-low-voltage-motor-soft-starte\/","title":{"rendered":"Arrancador suave de motor de baja tensi\u00f3n serie LTICM"},"content":{"rendered":"<div data-page-id=\"XQiGdyqLdoIBBgxEl3qcCPYhnTm\" data-lark-html-role=\"root\" data-docx-has-block-data=\"false\">\n<div class=\"ace-line ace-line old-record-id-Tz65dexAlowebaxcvLxcOzmdntb\">\n<h1 style=\"text-align: center;\">Productos<\/h1>\n<h4>Caracter\u00edsticas<\/h4>\n<div data-page-id=\"XQiGdyqLdoIBBgxEl3qcCPYhnTm\" data-lark-html-role=\"root\" data-docx-has-block-data=\"false\">\n<div data-page-id=\"XQiGdyqLdoIBBgxEl3qcCPYhnTm\" data-lark-html-role=\"root\" data-docx-has-block-data=\"false\">\n<ul class=\"list-bullet1\">\n<li class=\"ace-line ace-line old-record-id-FGXad3h77oQv8mxLYbRcV9n4nDb\" data-list=\"bullet\">\n<div>M\u00faltiples modos de control de funcionamiento: Los usuarios pueden elegir f\u00e1cilmente los modos de arranque, como arranque de rampa de tensi\u00f3n, arranque con limitaci\u00f3n de corriente, jog, control dual (rampa m\u00e1s limitaci\u00f3n de corriente), curva de ventilador e \u00edndice de corriente, y seleccionar los par\u00e1metros de control y los valores de protecci\u00f3n adecuados para lograr el mejor efecto de arranque.<\/div>\n<\/li>\n<li class=\"ace-line ace-line old-record-id-HIvhd35n6oqw3px3YppcdC2XnPd\" data-list=\"bullet\">\n<div>Alta tecnolog\u00eda: el procesamiento digital del microprocesador de alto rendimiento y la potente capacidad de soporte de software simplifican enormemente el circuito de control, lo que se traduce en una consistencia, precisi\u00f3n y velocidad de ejecuci\u00f3n \u00f3ptimas.<\/div>\n<\/li>\n<li class=\"ace-line ace-line old-record-id-IgdBdAPZsorcATxp6x0c5Y3gnof\" data-list=\"bullet\">\n<div>Gran capacidad antiinterferencias: Todas las se\u00f1ales de entrada externas est\u00e1n aisladas \u00f3pticamente y han sido sometidas a un buen procesamiento de reducci\u00f3n de ruido por software, lo que las hace adecuadas para su uso en entornos industriales especiales.<\/div>\n<\/li>\n<li class=\"ace-line ace-line old-record-id-U197dUDqtoVHsfxIvNMcKnFtnZg\" data-list=\"bullet\">\n<div>Secuencia de fases de potencia adaptable: Tiene la funci\u00f3n de secuencia de fase de potencia adaptativa, que es conveniente para los usuarios a utilizar<\/div>\n<\/li>\n<li class=\"ace-line ace-line old-record-id-J3n8djtpQoKO8Yxk46acoaPdnBf\" data-list=\"bullet\">\n<div>Frecuencia de alimentaci\u00f3n adaptable: Tiene la funci\u00f3n de adaptarse a la frecuencia de alimentaci\u00f3n de 50\/60 Hz.<\/div>\n<\/li>\n<li class=\"ace-line ace-line old-record-id-XHxrdQ7zTox8q3xIH61coLOfnmh\" data-list=\"bullet\">\n<div>Funciones de protecci\u00f3n m\u00e1s completas: p\u00e9rdida de fase, rotor bloqueado, sobrecorriente, sobrecarga, sobrecalentamiento, desequilibrio de corriente y tiempo de espera de arranque.<\/div>\n<\/li>\n<li class=\"ace-line ace-line old-record-id-OJ1YdPpaToQia9xOxdYcm3tznJe\" data-list=\"bullet\">\n<div>Funci\u00f3n de memoria de fallos: Con la funci\u00f3n de memoria de fallos, es f\u00e1cil encontrar la causa de los fallos.<\/div>\n<\/li>\n<li class=\"ace-line ace-line old-record-id-JJwWdE65Ioa1NPx7vzYctMNFndA\" data-list=\"bullet\">\n<div>Fuente de alimentaci\u00f3n de control: modo de fuente de alimentaci\u00f3n conmutada\uff08V5.1\uff09, amplia adaptabilidad, no se ve afectada por las fluctuaciones de la fuente de alimentaci\u00f3n principal.<\/div>\n<\/li>\n<li class=\"ace-line ace-line old-record-id-VenFdQpzNodVcQx7BTOcsxXTnQc\" data-list=\"bullet\">\n<div>Estructura: Tiene terminales de contactor de derivaci\u00f3n dedicados, y el m\u00e9todo de conexi\u00f3n de derivaci\u00f3n puede seleccionarse como cableado ascendente y descendente.<\/div>\n<\/li>\n<li class=\"ace-line ace-line old-record-id-LF6bd9fKHo7O0zxlllTcN7w8n2g\" data-list=\"bullet\">\n<div>F\u00e1cil mantenimiento: Estructura: El sistema de monitorizaci\u00f3n consta de una interfaz de visualizaci\u00f3n que supervisa constantemente el estado de funcionamiento de los equipos del sistema y proporciona un r\u00e1pido diagn\u00f3stico de fallos.<\/div>\n<\/li>\n<\/ul>\n<\/div>\n<h4>Aplicaciones<\/h4>\n<div data-page-id=\"XQiGdyqLdoIBBgxEl3qcCPYhnTm\" data-lark-html-role=\"root\" data-docx-has-block-data=\"false\">\n<div data-page-id=\"XQiGdyqLdoIBBgxEl3qcCPYhnTm\" data-lark-html-role=\"root\" data-docx-has-block-data=\"false\">\n<ol class=\"list-number1\" start=\"1\">\n<li class=\"ace-line ace-line old-record-id-WyCGdLN5poNJ5uxaiZMco7bknvF\" data-list=\"number\">\n<div>Ventiladores<\/div>\n<\/li>\n<li class=\"ace-line ace-line old-record-id-HB9xdLXJ4ooH09x8VDZcDKvhnQf\" data-list=\"number\">\n<div>Bombas<\/div>\n<\/li>\n<li class=\"ace-line ace-line old-record-id-R02gdvCbAoLWTCxHXEFcBwy5n7w\" data-list=\"number\">\n<div>grandes bombas centr\u00edfugas<\/div>\n<\/li>\n<li class=\"ace-line ace-line old-record-id-JEq8d0wlwo0OcUxHcUqcLjyencf\" data-list=\"number\">\n<div>Compresores<\/div>\n<\/li>\n<li class=\"ace-line ace-line old-record-id-WbnadXLMCoIAJhxiINkcQM8InKd\" data-list=\"number\">\n<div>Sopladores de alto horno<\/div>\n<\/li>\n<li class=\"ace-line ace-line old-record-id-AuBqdTRLUo5cyWxVp5icUpsGnJd\" data-list=\"number\">\n<div>Trituradora<\/div>\n<\/li>\n<li class=\"ace-line ace-line old-record-id-P2cedBquho5v8ZxsYcGcTkLqnsg\" data-list=\"number\">\n<div>Molino de bolas<\/div>\n<\/li>\n<\/ol>\n<\/div>\n<\/div>\n<\/div>\n<\/div>\n<\/div>","protected":false},"excerpt":{"rendered":"<div data-page-id=\"XQiGdyqLdoIBBgxEl3qcCPYhnTm\" data-lark-html-role=\"root\" data-docx-has-block-data=\"false\">\n<div class=\"ace-line ace-line old-record-id-Tz65dexAlowebaxcvLxcOzmdntb\">\n<div data-page-id=\"XQiGdyqLdoIBBgxEl3qcCPYhnTm\" data-lark-html-role=\"root\" data-docx-has-block-data=\"false\">\n<div class=\"ace-line ace-line old-record-id-Tz65dexAlowebaxcvLxcOzmdntb\">El arrancador suave para motores el\u00e9ctricos es un producto de control de arranque de motores el\u00e9ctricos. Se utiliza para reducir la corriente de arranque de los motores el\u00e9ctricos y minimizar las p\u00e9rdidas de impacto en los equipos mec\u00e1nicos causadas por el arranque del motor. Elegir un arrancador suave tambi\u00e9n puede reducir la capacidad de los transformadores de distribuci\u00f3n y evitar la inversi\u00f3n en ampliaci\u00f3n de capacidad.<\/div>\n<div class=\"ace-line ace-line old-record-id-AIutdlGnqo3hC0x3qJDclqxLn0e\"><\/div>\n<div class=\"ace-line ace-line old-record-id-WEg8dx69ToFINyxcrIycwzPlnib\"><strong>Rango de potencia<\/strong><\/div>\n<div class=\"ace-line ace-line old-record-id-J5fzdMCyRoHsccx9f7YcCDlen1d\">7,5KW~900KW<\/div>\n<div class=\"ace-line ace-line old-record-id-FVcWdhJfgoq5WwxeYP5cebQfnKf\"><\/div>\n<div class=\"ace-line ace-line old-record-id-EcdsdwqddoPc56xOHA4cGIvPn8f\"><strong>Tensi\u00f3n de entrada<\/strong><\/div>\n<div class=\"ace-line ace-line old-record-id-XajGdVDgYo45yuxnbLPcs1fwneJ\">380 V trif\u00e1sico<\/div>\n<div class=\"ace-line ace-line old-record-id-EFZrdKEGfo4HjMxoUeuc2A25nZd\">660 V trif\u00e1sico<\/div>\n<div class=\"ace-line ace-line old-record-id-XhnkdtHbpoA5Clxm6HRcJbcMnRd\">1140 V trif\u00e1sico<\/div>\n<\/div>\n<\/div>\n<\/div>","protected":false},"featured_media":8071,"template":"","meta":{"_daextam_enable_autolinks":"1","powered_cache_disable_cache":false},"product_brand":[],"product_cat":[39],"product_tag":[124,89],"class_list":{"0":"post-948","1":"product","2":"type-product","3":"status-publish","4":"has-post-thumbnail","6":"product_cat-motor-soft-starter","7":"product_tag-hvac-vfd","8":"product_tag-low-voltage-motor-soft-starter","10":"first","11":"instock","12":"featured","13":"shipping-taxable","14":"product-type-simple"},"acf":[],"yoast_head":"<!-- This site is optimized with the Yoast SEO Premium plugin v24.4 (Yoast SEO v24.5) - https:\/\/yoast.com\/wordpress\/plugins\/seo\/ -->\n<title>LTICM Series Low-voltage Motor Soft Starter - Linvent Electric<\/title>\n<meta name=\"description\" content=\"CF40-C VFD offers 22KW\u2013500KW power for 3-phase AC motors. Ideal for fans, pumps, crushers &amp; compressors. Reliable motor control with full protection.\" \/>\n<meta name=\"robots\" content=\"index, follow, max-snippet:-1, max-image-preview:large, max-video-preview:-1\" \/>\n<link rel=\"canonical\" href=\"https:\/\/linventelectric.com\/es\/producto\/lticm-series-low-voltage-motor-soft-starte\/\" \/>\n<meta property=\"og:locale\" content=\"es_ES\" \/>\n<meta property=\"og:type\" content=\"article\" \/>\n<meta property=\"og:title\" content=\"LTICM Series Low-voltage Motor Soft Starter\" \/>\n<meta property=\"og:description\" content=\"CF40-C VFD offers 22KW\u2013500KW power for 3-phase AC motors. Ideal for fans, pumps, crushers &amp; compressors. Reliable motor control with full protection.\" \/>\n<meta property=\"og:url\" content=\"https:\/\/linventelectric.com\/es\/producto\/lticm-series-low-voltage-motor-soft-starte\/\" \/>\n<meta property=\"og:site_name\" content=\"Linvent Electric\" \/>\n<meta property=\"article:modified_time\" content=\"2025-04-02T10:00:42+00:00\" \/>\n<meta property=\"og:image\" content=\"https:\/\/linventelectric.com\/wp-content\/uploads\/2025\/01\/HVLTICM-Series-low-voltage-Motor-Solid-State-Soft-Starter.jpg\" \/>\n\t<meta property=\"og:image:width\" content=\"1000\" \/>\n\t<meta property=\"og:image:height\" content=\"667\" \/>\n\t<meta property=\"og:image:type\" content=\"image\/jpeg\" \/>\n<meta name=\"twitter:card\" content=\"summary_large_image\" \/>\n<meta name=\"twitter:label1\" content=\"Precio\" \/>\n\t<meta name=\"twitter:data1\" content=\"\" \/>\n\t<meta name=\"twitter:label2\" content=\"Disponibilidad\" \/>\n\t<meta name=\"twitter:data2\" content=\"Disponible\" \/>\n<script type=\"application\/ld+json\" class=\"yoast-schema-graph\">{\"@context\":\"https:\/\/schema.org\",\"@graph\":[{\"@type\":\"WebPage\",\"@id\":\"https:\/\/linventelectric.com\/product\/lticm-series-low-voltage-motor-soft-starte\/\",\"url\":\"https:\/\/linventelectric.com\/product\/lticm-series-low-voltage-motor-soft-starte\/\",\"name\":\"LTICM Series Low-voltage Motor Soft Starter - Linvent Electric\",\"isPartOf\":{\"@id\":\"https:\/\/linventelectric.com\/#website\"},\"primaryImageOfPage\":{\"@id\":\"https:\/\/linventelectric.com\/product\/lticm-series-low-voltage-motor-soft-starte\/#primaryimage\"},\"image\":{\"@id\":\"https:\/\/linventelectric.com\/product\/lticm-series-low-voltage-motor-soft-starte\/#primaryimage\"},\"thumbnailUrl\":\"https:\/\/linventelectric.com\/wp-content\/uploads\/2025\/01\/HVLTICM-Series-low-voltage-Motor-Solid-State-Soft-Starter.jpg\",\"datePublished\":\"2025-01-03T06:56:02+00:00\",\"dateModified\":\"2025-04-02T10:00:42+00:00\",\"description\":\"CF40-C VFD offers 22KW\u2013500KW power for 3-phase AC motors. Ideal for fans, pumps, crushers & compressors. Reliable motor control with full protection.\",\"breadcrumb\":{\"@id\":\"https:\/\/linventelectric.com\/product\/lticm-series-low-voltage-motor-soft-starte\/#breadcrumb\"},\"inLanguage\":\"es\",\"potentialAction\":[{\"@type\":\"ReadAction\",\"target\":[\"https:\/\/linventelectric.com\/product\/lticm-series-low-voltage-motor-soft-starte\/\"]}]},{\"@type\":\"ImageObject\",\"inLanguage\":\"es\",\"@id\":\"https:\/\/linventelectric.com\/product\/lticm-series-low-voltage-motor-soft-starte\/#primaryimage\",\"url\":\"https:\/\/linventelectric.com\/wp-content\/uploads\/2025\/01\/HVLTICM-Series-low-voltage-Motor-Solid-State-Soft-Starter.jpg\",\"contentUrl\":\"https:\/\/linventelectric.com\/wp-content\/uploads\/2025\/01\/HVLTICM-Series-low-voltage-Motor-Solid-State-Soft-Starter.jpg\",\"width\":1000,\"height\":667,\"caption\":\"LTICM Series Low-voltage Motor Soft Starter\"},{\"@type\":\"BreadcrumbList\",\"@id\":\"https:\/\/linventelectric.com\/product\/lticm-series-low-voltage-motor-soft-starte\/#breadcrumb\",\"itemListElement\":[{\"@type\":\"ListItem\",\"position\":1,\"name\":\"Home\",\"item\":\"https:\/\/linventelectric.com\/\"},{\"@type\":\"ListItem\",\"position\":2,\"name\":\"Products\",\"item\":\"https:\/\/linventelectric.com\/products\/\"},{\"@type\":\"ListItem\",\"position\":3,\"name\":\"LTICM Series Low-voltage Motor Soft Starter\"}]},{\"@type\":\"WebSite\",\"@id\":\"https:\/\/linventelectric.com\/#website\",\"url\":\"https:\/\/linventelectric.com\/\",\"name\":\"LinventElectric China - Electrical Control Systems & Equipment Protection Solutions\",\"description\":\"Electrical Control &amp; Protection Solutions\",\"publisher\":{\"@id\":\"https:\/\/linventelectric.com\/#organization\"},\"potentialAction\":[{\"@type\":\"SearchAction\",\"target\":{\"@type\":\"EntryPoint\",\"urlTemplate\":\"https:\/\/linventelectric.com\/?s={search_term_string}\"},\"query-input\":{\"@type\":\"PropertyValueSpecification\",\"valueRequired\":true,\"valueName\":\"search_term_string\"}}],\"inLanguage\":\"es\"},{\"@type\":\"Organization\",\"@id\":\"https:\/\/linventelectric.com\/#organization\",\"name\":\"LinventElectric China - Electrical Control Systems & Equipment Protection Solutions\",\"url\":\"https:\/\/linventelectric.com\/\",\"logo\":{\"@type\":\"ImageObject\",\"inLanguage\":\"es\",\"@id\":\"https:\/\/linventelectric.com\/#\/schema\/logo\/image\/\",\"url\":\"https:\/\/linventelectric.com\/wp-content\/uploads\/2025\/03\/cropped-linventelectriclogo.png\",\"contentUrl\":\"https:\/\/linventelectric.com\/wp-content\/uploads\/2025\/03\/cropped-linventelectriclogo.png\",\"width\":323,\"height\":109,\"caption\":\"LinventElectric China - Electrical Control Systems & Equipment Protection Solutions\"},\"image\":{\"@id\":\"https:\/\/linventelectric.com\/#\/schema\/logo\/image\/\"}}]}<\/script>\n<meta property=\"product:price:amount\" content=\"0.00\" \/>\n<meta property=\"product:price:currency\" content=\"USD\" \/>\n<meta property=\"og:availability\" content=\"instock\" \/>\n<meta property=\"product:availability\" content=\"instock\" \/>\n<meta property=\"product:condition\" content=\"new\" \/>\n<!-- \/ Yoast SEO Premium plugin. -->","yoast_head_json":{"title":"LTICM Series Low-voltage Motor Soft Starter - Linvent Electric","description":"CF40-C VFD offers 22KW\u2013500KW power for 3-phase AC motors. Ideal for fans, pumps, crushers & compressors. Reliable motor control with full protection.","robots":{"index":"index","follow":"follow","max-snippet":"max-snippet:-1","max-image-preview":"max-image-preview:large","max-video-preview":"max-video-preview:-1"},"canonical":"https:\/\/linventelectric.com\/es\/producto\/lticm-series-low-voltage-motor-soft-starte\/","og_locale":"es_ES","og_type":"article","og_title":"LTICM Series Low-voltage Motor Soft Starter","og_description":"CF40-C VFD offers 22KW\u2013500KW power for 3-phase AC motors. Ideal for fans, pumps, crushers & compressors. Reliable motor control with full protection.","og_url":"https:\/\/linventelectric.com\/es\/producto\/lticm-series-low-voltage-motor-soft-starte\/","og_site_name":"Linvent Electric","article_modified_time":"2025-04-02T10:00:42+00:00","og_image":[{"width":1000,"height":667,"url":"https:\/\/linventelectric.com\/wp-content\/uploads\/2025\/01\/HVLTICM-Series-low-voltage-Motor-Solid-State-Soft-Starter.jpg","type":"image\/jpeg"}],"twitter_card":"summary_large_image","twitter_misc":{"Precio":"","Disponibilidad":"Disponible"},"schema":{"@context":"https:\/\/schema.org","@graph":[{"@type":"WebPage","@id":"https:\/\/linventelectric.com\/product\/lticm-series-low-voltage-motor-soft-starte\/","url":"https:\/\/linventelectric.com\/product\/lticm-series-low-voltage-motor-soft-starte\/","name":"LTICM Series Low-voltage Motor Soft Starter - Linvent Electric","isPartOf":{"@id":"https:\/\/linventelectric.com\/#website"},"primaryImageOfPage":{"@id":"https:\/\/linventelectric.com\/product\/lticm-series-low-voltage-motor-soft-starte\/#primaryimage"},"image":{"@id":"https:\/\/linventelectric.com\/product\/lticm-series-low-voltage-motor-soft-starte\/#primaryimage"},"thumbnailUrl":"https:\/\/linventelectric.com\/wp-content\/uploads\/2025\/01\/HVLTICM-Series-low-voltage-Motor-Solid-State-Soft-Starter.jpg","datePublished":"2025-01-03T06:56:02+00:00","dateModified":"2025-04-02T10:00:42+00:00","description":"CF40-C VFD offers 22KW\u2013500KW power for 3-phase AC motors. Ideal for fans, pumps, crushers & compressors. Reliable motor control with full protection.","breadcrumb":{"@id":"https:\/\/linventelectric.com\/product\/lticm-series-low-voltage-motor-soft-starte\/#breadcrumb"},"inLanguage":"es","potentialAction":[{"@type":"ReadAction","target":["https:\/\/linventelectric.com\/product\/lticm-series-low-voltage-motor-soft-starte\/"]}]},{"@type":"ImageObject","inLanguage":"es","@id":"https:\/\/linventelectric.com\/product\/lticm-series-low-voltage-motor-soft-starte\/#primaryimage","url":"https:\/\/linventelectric.com\/wp-content\/uploads\/2025\/01\/HVLTICM-Series-low-voltage-Motor-Solid-State-Soft-Starter.jpg","contentUrl":"https:\/\/linventelectric.com\/wp-content\/uploads\/2025\/01\/HVLTICM-Series-low-voltage-Motor-Solid-State-Soft-Starter.jpg","width":1000,"height":667,"caption":"LTICM Series Low-voltage Motor Soft Starter"},{"@type":"BreadcrumbList","@id":"https:\/\/linventelectric.com\/product\/lticm-series-low-voltage-motor-soft-starte\/#breadcrumb","itemListElement":[{"@type":"ListItem","position":1,"name":"Home","item":"https:\/\/linventelectric.com\/"},{"@type":"ListItem","position":2,"name":"Products","item":"https:\/\/linventelectric.com\/products\/"},{"@type":"ListItem","position":3,"name":"LTICM Series Low-voltage Motor Soft Starter"}]},{"@type":"WebSite","@id":"https:\/\/linventelectric.com\/#website","url":"https:\/\/linventelectric.com\/","name":"LinventElectric China - Electrical Control Systems & Equipment Protection Solutions","description":"Electrical Control &amp; Protection Solutions","publisher":{"@id":"https:\/\/linventelectric.com\/#organization"},"potentialAction":[{"@type":"SearchAction","target":{"@type":"EntryPoint","urlTemplate":"https:\/\/linventelectric.com\/?s={search_term_string}"},"query-input":{"@type":"PropertyValueSpecification","valueRequired":true,"valueName":"search_term_string"}}],"inLanguage":"es"},{"@type":"Organization","@id":"https:\/\/linventelectric.com\/#organization","name":"LinventElectric China - Electrical Control Systems & Equipment Protection Solutions","url":"https:\/\/linventelectric.com\/","logo":{"@type":"ImageObject","inLanguage":"es","@id":"https:\/\/linventelectric.com\/#\/schema\/logo\/image\/","url":"https:\/\/linventelectric.com\/wp-content\/uploads\/2025\/03\/cropped-linventelectriclogo.png","contentUrl":"https:\/\/linventelectric.com\/wp-content\/uploads\/2025\/03\/cropped-linventelectriclogo.png","width":323,"height":109,"caption":"LinventElectric China - Electrical Control Systems & Equipment Protection Solutions"},"image":{"@id":"https:\/\/linventelectric.com\/#\/schema\/logo\/image\/"}}]},"product_price_amount":"0.00","product_price_currency":"USD","og_availability":"instock","product_availability":"instock","product_condition":"new"},"_links":{"self":[{"href":"https:\/\/linventelectric.com\/es\/wp-json\/wp\/v2\/product\/948","targetHints":{"allow":["GET"]}}],"collection":[{"href":"https:\/\/linventelectric.com\/es\/wp-json\/wp\/v2\/product"}],"about":[{"href":"https:\/\/linventelectric.com\/es\/wp-json\/wp\/v2\/types\/product"}],"wp:featuredmedia":[{"embeddable":true,"href":"https:\/\/linventelectric.com\/es\/wp-json\/wp\/v2\/media\/8071"}],"wp:attachment":[{"href":"https:\/\/linventelectric.com\/es\/wp-json\/wp\/v2\/media?parent=948"}],"wp:term":[{"taxonomy":"product_brand","embeddable":true,"href":"https:\/\/linventelectric.com\/es\/wp-json\/wp\/v2\/product_brand?post=948"},{"taxonomy":"product_cat","embeddable":true,"href":"https:\/\/linventelectric.com\/es\/wp-json\/wp\/v2\/product_cat?post=948"},{"taxonomy":"product_tag","embeddable":true,"href":"https:\/\/linventelectric.com\/es\/wp-json\/wp\/v2\/product_tag?post=948"}],"curies":[{"name":"wp","href":"https:\/\/api.w.org\/{rel}","templated":true}]}}