{"id":847,"date":"2024-10-29T02:26:56","date_gmt":"2024-10-29T02:26:56","guid":{"rendered":"https:\/\/linventelectric.com\/?post_type=product&#038;p=847"},"modified":"2025-03-06T07:41:08","modified_gmt":"2025-03-06T07:41:08","slug":"cf40-c-series-high-performance-ac-drive","status":"publish","type":"product","link":"https:\/\/linventelectric.com\/it\/prodotto\/cf40-c-series-high-performance-ac-drive\/","title":{"rendered":"Avviatore statico motore ad alta tensione serie HVLTICM"},"content":{"rendered":"<h1 style=\"text-align: center;\">Panoramica del prodotto<\/h1>\n<h4>Caratteristiche<\/h4>\n<div data-page-id=\"XQiGdyqLdoIBBgxEl3qcCPYhnTm\" data-lark-html-role=\"root\" data-docx-has-block-data=\"false\">\n<div data-page-id=\"XQiGdyqLdoIBBgxEl3qcCPYhnTm\" data-lark-html-role=\"root\" data-docx-has-block-data=\"false\">\n<ol class=\"list-number1\" start=\"1\">\n<li class=\"ace-line ace-line old-record-id-KjZcd4G7DoPOFLxpoE4cCDYkn9d\" data-list=\"number\">\n<div>Il design integrato combina il quadro elettrico ad alta tensione e l'armadio di avviamento ad alta tensione, con un volume ridotto e una facile installazione. L'integrazione interna di interruttori automatici sottovuoto ad alta tensione, protettori globali con microcomputer, gruppi di valvole a tiristori trifase, contattori di bypass sottovuoto, trasformatori di tensione ad alta tensione, trasformatori di corrente ad alta tensione e altri componenti non richiede l'impiego di quadri elettrici o armadi di comando esterni, con un notevole risparmio sull'investimento nelle apparecchiature.<\/div>\n<\/li>\n<li class=\"ace-line ace-line old-record-id-TRL0dLbIto5x39xwF5AcwbJNnfW\" data-list=\"number\">\n<div>L'armadio \u00e8 realizzato in lamiera zincata di alluminio di alta qualit\u00e0, lavorato con macchine CNC, completamente blindato in metallo, struttura assemblata, adatta a vari schemi di combinazione. Adottando l'avanzata tecnologia di piegatura multipla, collegata con dadi e bulloni a rivetto, ha un'elevata precisione, resistenza alla corrosione, leggerezza, alta resistenza, forte universalit\u00e0 delle parti, bell'aspetto, elevata sicurezza, ed \u00e8 comodo da combinare con il quadro elettrico standard in loco.<\/div>\n<\/li>\n<li class=\"ace-line ace-line old-record-id-EK6Kd2HgfotE3txHNqrcnC2QnRd\" data-list=\"number\">\n<div>Un dispositivo di interblocco altamente affidabile che soddisfa i requisiti di \"prevenzione a cinque\". L'armadio \u00e8 dotato di un riscaldatore e di un regolatore di temperatura e umidit\u00e0 per prevenire la condensa e la corrosione. Il pannello macchina all-in-one \u00e8 dotato di indicazione della posizione dell'interruttore automatico, indicazione dell'accumulo di energia, indicazione dello stato di soft start, ecc.<\/div>\n<\/li>\n<li class=\"ace-line ace-line old-record-id-AkO5dhohZoOddnx3hDKcOjH7nxe\" data-list=\"number\">\n<div>La struttura del gruppo valvola a tiristori trifase \u00e8 a installazione modulare, con molteplici tecnologie di assorbimento e protezione delle sovratensioni.<\/div>\n<\/li>\n<li class=\"ace-line ace-line old-record-id-HjVBdBh4Koto6oxaYSzcNIo4nlc\" data-list=\"number\">\n<div>Il tiristore adotta metodi di equalizzazione statica e dinamica della tensione, combinando l'attivazione di correnti ad alto impulso e l'attivazione di backup per garantire la sicurezza e l'affidabilit\u00e0 del funzionamento dell'apparecchiatura.<\/div>\n<\/li>\n<li class=\"ace-line ace-line old-record-id-TfEHd7UbcoEjkhx5AfZcUGtCnxb\" data-list=\"number\">\n<div>Il sistema di controllo adotta chip di microcontrollori ad alte prestazioni, che consentono un controllo in tempo reale, efficiente, affidabile e stabile del dispositivo.<\/div>\n<\/li>\n<li class=\"ace-line ace-line old-record-id-FOFWd1o3No6ERLx9SyTcnPP1nyb\" data-list=\"number\">\n<div>Funzione di misura: corrente media, corrente trifase A\/B\/C, tensione di alimentazione in ingresso, misura della sequenza di fase.<\/div>\n<\/li>\n<li class=\"ace-line ace-line old-record-id-TF6FdJnMPo1Smkx5cELcLARBnFj\" data-list=\"number\">\n<div>Funzioni di protezione: funzione di protezione completa del microcomputer, protezione contro le sovratensioni da fulmini, equalizzazione statica e dinamica della tensione a tiristori, perdita di fase, sovratensione, sottotensione, sovracorrente di avviamento, sovracorrente di marcia, sovraccarico di avviamento, sovraccarico di marcia, sottocarico, squilibrio di corrente, timeout di avviamento, rilevamento di guasti di ingresso esterni, ecc. \u00c8 possibile impostare il tempo di azione della protezione.<\/div>\n<\/li>\n<li class=\"ace-line ace-line old-record-id-N4NQd7InGoswtBxRYU8cnvOFnag\" data-list=\"number\">\n<div>Metodi multipli di avvio e arresto: limitazione di corrente+avvio a rampa, avvio a limitazione di corrente, jog, salto+avvio a rampa di tensione, ecc. Sono disponibili metodi di arresto libero e di arresto graduale.<\/div>\n<\/li>\n<li class=\"ace-line ace-line old-record-id-HoN5ddQ02o91UGxrVcQckavDndb\" data-list=\"number\">\n<div>Funzione di visualizzazione: Il pannello operativo dell'avviatore statico \u00e8 un sistema di visualizzazione LCD a grande schermo in cinese e in inglese, facile da usare e pi\u00f9 intuitivo.<\/div>\n<\/li>\n<li class=\"ace-line ace-line old-record-id-LJG8dgQrWoCfY1xtsTAcimTgnkd\" data-list=\"number\">\n<div>Funzione di comunicazione: Interfaccia di comunicazione del protettore integrato nel microcomputer. L'armadio soft starter ad alta tensione adotta la comunicazione RS485 completamente isolata elettricamente, il protocollo MODBUS RTU e pu\u00f2 essere controllato centralmente da un computer superiore.<\/div>\n<\/li>\n<li class=\"ace-line ace-line old-record-id-WH4jdhwxIoPHUexC8dtcngBcn6e\" data-list=\"number\">\n<div>Dotato di controllo esterno per l'avvio, l'arresto, il ripristino degli ingressi e dei guasti, il bypass, le uscite programmabili e l'uscita analogica 4-20mA.<\/div>\n<\/li>\n<\/ol>\n<p>&nbsp;<\/p>\n<\/div>\n<h4>Applicazioni<\/h4>\n<div data-page-id=\"XQiGdyqLdoIBBgxEl3qcCPYhnTm\" data-lark-html-role=\"root\" data-docx-has-block-data=\"false\">\n<div data-page-id=\"XQiGdyqLdoIBBgxEl3qcCPYhnTm\" data-lark-html-role=\"root\" data-docx-has-block-data=\"false\">\n<ol class=\"list-number1\" start=\"1\">\n<li class=\"ace-line ace-line old-record-id-PUepdFIhHoNkEdxiDEwc0EbIn8c\" data-list=\"number\">\n<div>Industria petrolifera e chimica<\/div>\n<\/li>\n<li class=\"ace-line ace-line old-record-id-UNfSd0vOgofA8Sxq35vcRojunHb\" data-list=\"number\">\n<div>Industria della conservazione dell'acqua e dell'energia idroelettrica<\/div>\n<\/li>\n<li class=\"ace-line ace-line old-record-id-ZMxPds1TOoNFCkx0avgcQJXUneb\" data-list=\"number\">\n<div>Industria metallurgica<\/div>\n<\/li>\n<\/ol>\n<\/div>\n<\/div>\n<\/div>","protected":false},"excerpt":{"rendered":"<div data-page-id=\"XQiGdyqLdoIBBgxEl3qcCPYhnTm\" data-lark-html-role=\"root\" data-docx-has-block-data=\"false\">\n<div class=\"ace-line ace-line old-record-id-U2jsdcxPxo55YcxGn4gcly1onlc\">\n<div data-page-id=\"XQiGdyqLdoIBBgxEl3qcCPYhnTm\" data-lark-html-role=\"root\" data-docx-has-block-data=\"false\">\n<div class=\"ace-line ace-line old-record-id-LbVbdDhcyoq712xcR1rcLJJ9n0g\">\n<div data-page-id=\"XQiGdyqLdoIBBgxEl3qcCPYhnTm\" data-lark-html-role=\"root\" data-docx-has-block-data=\"false\">\n<div class=\"ace-line ace-line old-record-id-TthddfxgKo0FR6xp1pOczYWfnkf\">L'avviatore statico ad alta tensione \u00e8 adatto per l'avviamento di motori CA da 3KV a 15KV. Il prodotto integra le funzioni del commutatore ad alta tensione e dell'avviatore statico ad alta tensione, utilizzando il controllo computerizzato ad alte prestazioni, l'elaborazione digitale del segnale, il collegamento in serie di tiristori ad alta tensione, l'alimentazione a commutazione ad alta frequenza, l'interfaccia uomo-macchina, la comunicazione di rete digitale, la protezione completa del motore e altre tecnologie per il controllo dell'avvio e dell'arresto e il monitoraggio del funzionamento dei motori ad alta tensione. Il prodotto adotta una modalit\u00e0 di lavoro a limitazione di corrente o a rampa di tensione per controllare la tensione di ingresso del motore, limitando e riducendo cos\u00ec la corrente di avviamento del motore. Non solo \u00e8 in grado di far arrestare il motore in modo regolare e stabile, di proteggere il funzionamento sicuro e affidabile del motore, ma anche di realizzare il monitoraggio e il funzionamento a distanza.<\/div>\n<div class=\"ace-line ace-line old-record-id-BjSHdwkLPob87ixxJybcncnInNG\"><\/div>\n<div class=\"ace-line ace-line old-record-id-NfURdvVIUo9WZJxreCxc9nr3nbD\"><strong>Gamma di potenza<\/strong><\/div>\n<div class=\"ace-line ace-line old-record-id-FkYrd4403ooulXxapBEcv9IvnDb\">420KW~6300KW<\/div>\n<div class=\"ace-line ace-line old-record-id-PwLwdDW8moAU54xQ1QccFNVXnpl\"><\/div>\n<div class=\"ace-line ace-line old-record-id-UNp5diGuToD0z3xbpWHc4SPenhd\"><strong>Tensione di ingresso<\/strong><\/div>\n<div class=\"ace-line ace-line old-record-id-ZXoMdzfuPo57JkxpyF4cXk37nVc\">3,3KV trifase<\/div>\n<div class=\"ace-line ace-line old-record-id-Lh1xdOo6dofWM0xD1fcczl9InMc\">6,6KV trifase<\/div>\n<div class=\"ace-line ace-line old-record-id-Ty1mduleNoTHblxpKjhcKYUsnob\">10KV trifase<\/div>\n<\/div>\n<\/div>\n<\/div>\n<\/div>\n<\/div>","protected":false},"featured_media":8070,"template":"","meta":{"_daextam_enable_autolinks":"","powered_cache_disable_cache":false},"product_brand":[],"product_cat":[39],"product_tag":[87,88],"class_list":{"0":"post-847","1":"product","2":"type-product","3":"status-publish","4":"has-post-thumbnail","6":"product_cat-motor-soft-starter","7":"product_tag-high-voltage-motor-solid-state-soft-starter","8":"product_tag-soft-starter","10":"first","11":"instock","12":"featured","13":"shipping-taxable","14":"product-type-simple"},"acf":[],"yoast_head":"<!-- This site is optimized with the Yoast SEO Premium plugin v24.4 (Yoast SEO v24.5) - https:\/\/yoast.com\/wordpress\/plugins\/seo\/ -->\n<title>HVLTICM Series High-voltage Motor Solid State Soft Starter - Linvent Electric<\/title>\n<meta name=\"robots\" content=\"index, follow, max-snippet:-1, max-image-preview:large, max-video-preview:-1\" \/>\n<link rel=\"canonical\" href=\"https:\/\/linventelectric.com\/it\/prodotto\/cf40-c-series-high-performance-ac-drive\/\" \/>\n<meta property=\"og:locale\" content=\"it_IT\" \/>\n<meta property=\"og:type\" content=\"article\" \/>\n<meta property=\"og:title\" content=\"HVLTICM Series High-voltage Motor Solid State Soft Starter\" \/>\n<meta property=\"og:description\" content=\"High voltage solid-state soft starter is suitable for starting AC motors ranging from 3KV-15KV. The product integrates the functions of high-voltage switchgear and high-voltage soft starter, using high-performance computer control, digital signal processing, high-voltage power thyristor series connection, high-frequency switching power supply, human-machine interface, digital network communication, motor comprehensive protection and other technologies for the start stop control and operation monitoring of high-voltage motors. The product adopts a current limiting or voltage ramp working mode to control the input voltage of the motor, thereby limiting and reducing the starting current of the motor. It can not only make the motor start stop smoothly and stably, protect the safe and reliable operation of the motor, but also achieve remote monitoring and operation.  Power Range 420KW~6300KW  Input Voltage 3.3KV 3-phase 6.6KV 3-phase 10KV 3-phase\" \/>\n<meta property=\"og:url\" content=\"https:\/\/linventelectric.com\/it\/prodotto\/cf40-c-series-high-performance-ac-drive\/\" \/>\n<meta property=\"og:site_name\" content=\"Linvent Electric\" \/>\n<meta property=\"article:modified_time\" content=\"2025-03-06T07:41:08+00:00\" \/>\n<meta property=\"og:image\" content=\"https:\/\/linventelectric.com\/wp-content\/uploads\/2024\/10\/HVLTICM-Series-High-voltage-Motor-Solid-State-Soft-Starter-1.jpg\" \/>\n\t<meta property=\"og:image:width\" content=\"1000\" \/>\n\t<meta property=\"og:image:height\" content=\"667\" \/>\n\t<meta property=\"og:image:type\" content=\"image\/jpeg\" \/>\n<meta name=\"twitter:card\" content=\"summary_large_image\" \/>\n<meta name=\"twitter:label1\" content=\"Price\" \/>\n\t<meta name=\"twitter:data1\" content=\"\" \/>\n\t<meta name=\"twitter:label2\" content=\"Availability\" \/>\n\t<meta name=\"twitter:data2\" content=\"In stock\" \/>\n<script type=\"application\/ld+json\" class=\"yoast-schema-graph\">{\"@context\":\"https:\/\/schema.org\",\"@graph\":[{\"@type\":\"WebPage\",\"@id\":\"https:\/\/linventelectric.com\/product\/cf40-c-series-high-performance-ac-drive\/\",\"url\":\"https:\/\/linventelectric.com\/product\/cf40-c-series-high-performance-ac-drive\/\",\"name\":\"HVLTICM Series High-voltage Motor Solid State Soft Starter - Linvent Electric\",\"isPartOf\":{\"@id\":\"https:\/\/linventelectric.com\/#website\"},\"primaryImageOfPage\":{\"@id\":\"https:\/\/linventelectric.com\/product\/cf40-c-series-high-performance-ac-drive\/#primaryimage\"},\"image\":{\"@id\":\"https:\/\/linventelectric.com\/product\/cf40-c-series-high-performance-ac-drive\/#primaryimage\"},\"thumbnailUrl\":\"https:\/\/linventelectric.com\/wp-content\/uploads\/2024\/10\/HVLTICM-Series-High-voltage-Motor-Solid-State-Soft-Starter-1.jpg\",\"datePublished\":\"2024-10-29T02:26:56+00:00\",\"dateModified\":\"2025-03-06T07:41:08+00:00\",\"breadcrumb\":{\"@id\":\"https:\/\/linventelectric.com\/product\/cf40-c-series-high-performance-ac-drive\/#breadcrumb\"},\"inLanguage\":\"it-IT\",\"potentialAction\":[{\"@type\":\"ReadAction\",\"target\":[\"https:\/\/linventelectric.com\/product\/cf40-c-series-high-performance-ac-drive\/\"]}]},{\"@type\":\"ImageObject\",\"inLanguage\":\"it-IT\",\"@id\":\"https:\/\/linventelectric.com\/product\/cf40-c-series-high-performance-ac-drive\/#primaryimage\",\"url\":\"https:\/\/linventelectric.com\/wp-content\/uploads\/2024\/10\/HVLTICM-Series-High-voltage-Motor-Solid-State-Soft-Starter-1.jpg\",\"contentUrl\":\"https:\/\/linventelectric.com\/wp-content\/uploads\/2024\/10\/HVLTICM-Series-High-voltage-Motor-Solid-State-Soft-Starter-1.jpg\",\"width\":1000,\"height\":667,\"caption\":\"HVLTICM Series High-voltage Motor Solid State Soft Starter\"},{\"@type\":\"BreadcrumbList\",\"@id\":\"https:\/\/linventelectric.com\/product\/cf40-c-series-high-performance-ac-drive\/#breadcrumb\",\"itemListElement\":[{\"@type\":\"ListItem\",\"position\":1,\"name\":\"Home\",\"item\":\"https:\/\/linventelectric.com\/\"},{\"@type\":\"ListItem\",\"position\":2,\"name\":\"Products\",\"item\":\"https:\/\/linventelectric.com\/products\/\"},{\"@type\":\"ListItem\",\"position\":3,\"name\":\"HVLTICM Series High-voltage Motor Solid State Soft Starter\"}]},{\"@type\":\"WebSite\",\"@id\":\"https:\/\/linventelectric.com\/#website\",\"url\":\"https:\/\/linventelectric.com\/\",\"name\":\"LinventElectric China - Electrical Control Systems & Equipment Protection Solutions\",\"description\":\"Electrical Control &amp; Protection Solutions\",\"publisher\":{\"@id\":\"https:\/\/linventelectric.com\/#organization\"},\"potentialAction\":[{\"@type\":\"SearchAction\",\"target\":{\"@type\":\"EntryPoint\",\"urlTemplate\":\"https:\/\/linventelectric.com\/?s={search_term_string}\"},\"query-input\":{\"@type\":\"PropertyValueSpecification\",\"valueRequired\":true,\"valueName\":\"search_term_string\"}}],\"inLanguage\":\"it-IT\"},{\"@type\":\"Organization\",\"@id\":\"https:\/\/linventelectric.com\/#organization\",\"name\":\"LinventElectric China - Electrical Control Systems & Equipment Protection Solutions\",\"url\":\"https:\/\/linventelectric.com\/\",\"logo\":{\"@type\":\"ImageObject\",\"inLanguage\":\"it-IT\",\"@id\":\"https:\/\/linventelectric.com\/#\/schema\/logo\/image\/\",\"url\":\"https:\/\/linventelectric.com\/wp-content\/uploads\/2025\/03\/cropped-linventelectriclogo.png\",\"contentUrl\":\"https:\/\/linventelectric.com\/wp-content\/uploads\/2025\/03\/cropped-linventelectriclogo.png\",\"width\":323,\"height\":109,\"caption\":\"LinventElectric China - Electrical Control Systems & Equipment Protection Solutions\"},\"image\":{\"@id\":\"https:\/\/linventelectric.com\/#\/schema\/logo\/image\/\"}}]}<\/script>\n<meta property=\"product:price:amount\" content=\"0.00\" \/>\n<meta property=\"product:price:currency\" content=\"USD\" \/>\n<meta property=\"og:availability\" content=\"instock\" \/>\n<meta property=\"product:availability\" content=\"instock\" \/>\n<meta property=\"product:condition\" content=\"new\" \/>\n<!-- \/ Yoast SEO Premium plugin. -->","yoast_head_json":{"title":"HVLTICM Series High-voltage Motor Solid State Soft Starter - Linvent Electric","robots":{"index":"index","follow":"follow","max-snippet":"max-snippet:-1","max-image-preview":"max-image-preview:large","max-video-preview":"max-video-preview:-1"},"canonical":"https:\/\/linventelectric.com\/it\/prodotto\/cf40-c-series-high-performance-ac-drive\/","og_locale":"it_IT","og_type":"article","og_title":"HVLTICM Series High-voltage Motor Solid State Soft Starter","og_description":"High voltage solid-state soft starter is suitable for starting AC motors ranging from 3KV-15KV. The product integrates the functions of high-voltage switchgear and high-voltage soft starter, using high-performance computer control, digital signal processing, high-voltage power thyristor series connection, high-frequency switching power supply, human-machine interface, digital network communication, motor comprehensive protection and other technologies for the start stop control and operation monitoring of high-voltage motors. The product adopts a current limiting or voltage ramp working mode to control the input voltage of the motor, thereby limiting and reducing the starting current of the motor. It can not only make the motor start stop smoothly and stably, protect the safe and reliable operation of the motor, but also achieve remote monitoring and operation.  Power Range 420KW~6300KW  Input Voltage 3.3KV 3-phase 6.6KV 3-phase 10KV 3-phase","og_url":"https:\/\/linventelectric.com\/it\/prodotto\/cf40-c-series-high-performance-ac-drive\/","og_site_name":"Linvent Electric","article_modified_time":"2025-03-06T07:41:08+00:00","og_image":[{"width":1000,"height":667,"url":"https:\/\/linventelectric.com\/wp-content\/uploads\/2024\/10\/HVLTICM-Series-High-voltage-Motor-Solid-State-Soft-Starter-1.jpg","type":"image\/jpeg"}],"twitter_card":"summary_large_image","twitter_misc":{"Price":"","Availability":"In stock"},"schema":{"@context":"https:\/\/schema.org","@graph":[{"@type":"WebPage","@id":"https:\/\/linventelectric.com\/product\/cf40-c-series-high-performance-ac-drive\/","url":"https:\/\/linventelectric.com\/product\/cf40-c-series-high-performance-ac-drive\/","name":"HVLTICM Series High-voltage Motor Solid State Soft Starter - Linvent Electric","isPartOf":{"@id":"https:\/\/linventelectric.com\/#website"},"primaryImageOfPage":{"@id":"https:\/\/linventelectric.com\/product\/cf40-c-series-high-performance-ac-drive\/#primaryimage"},"image":{"@id":"https:\/\/linventelectric.com\/product\/cf40-c-series-high-performance-ac-drive\/#primaryimage"},"thumbnailUrl":"https:\/\/linventelectric.com\/wp-content\/uploads\/2024\/10\/HVLTICM-Series-High-voltage-Motor-Solid-State-Soft-Starter-1.jpg","datePublished":"2024-10-29T02:26:56+00:00","dateModified":"2025-03-06T07:41:08+00:00","breadcrumb":{"@id":"https:\/\/linventelectric.com\/product\/cf40-c-series-high-performance-ac-drive\/#breadcrumb"},"inLanguage":"it-IT","potentialAction":[{"@type":"ReadAction","target":["https:\/\/linventelectric.com\/product\/cf40-c-series-high-performance-ac-drive\/"]}]},{"@type":"ImageObject","inLanguage":"it-IT","@id":"https:\/\/linventelectric.com\/product\/cf40-c-series-high-performance-ac-drive\/#primaryimage","url":"https:\/\/linventelectric.com\/wp-content\/uploads\/2024\/10\/HVLTICM-Series-High-voltage-Motor-Solid-State-Soft-Starter-1.jpg","contentUrl":"https:\/\/linventelectric.com\/wp-content\/uploads\/2024\/10\/HVLTICM-Series-High-voltage-Motor-Solid-State-Soft-Starter-1.jpg","width":1000,"height":667,"caption":"HVLTICM Series High-voltage Motor Solid State Soft Starter"},{"@type":"BreadcrumbList","@id":"https:\/\/linventelectric.com\/product\/cf40-c-series-high-performance-ac-drive\/#breadcrumb","itemListElement":[{"@type":"ListItem","position":1,"name":"Home","item":"https:\/\/linventelectric.com\/"},{"@type":"ListItem","position":2,"name":"Products","item":"https:\/\/linventelectric.com\/products\/"},{"@type":"ListItem","position":3,"name":"HVLTICM Series High-voltage Motor Solid State Soft Starter"}]},{"@type":"WebSite","@id":"https:\/\/linventelectric.com\/#website","url":"https:\/\/linventelectric.com\/","name":"LinventElectric China - Electrical Control Systems & Equipment Protection Solutions","description":"Electrical Control &amp; Protection Solutions","publisher":{"@id":"https:\/\/linventelectric.com\/#organization"},"potentialAction":[{"@type":"SearchAction","target":{"@type":"EntryPoint","urlTemplate":"https:\/\/linventelectric.com\/?s={search_term_string}"},"query-input":{"@type":"PropertyValueSpecification","valueRequired":true,"valueName":"search_term_string"}}],"inLanguage":"it-IT"},{"@type":"Organization","@id":"https:\/\/linventelectric.com\/#organization","name":"LinventElectric China - Electrical Control Systems & Equipment Protection Solutions","url":"https:\/\/linventelectric.com\/","logo":{"@type":"ImageObject","inLanguage":"it-IT","@id":"https:\/\/linventelectric.com\/#\/schema\/logo\/image\/","url":"https:\/\/linventelectric.com\/wp-content\/uploads\/2025\/03\/cropped-linventelectriclogo.png","contentUrl":"https:\/\/linventelectric.com\/wp-content\/uploads\/2025\/03\/cropped-linventelectriclogo.png","width":323,"height":109,"caption":"LinventElectric China - Electrical Control Systems & Equipment Protection Solutions"},"image":{"@id":"https:\/\/linventelectric.com\/#\/schema\/logo\/image\/"}}]},"product_price_amount":"0.00","product_price_currency":"USD","og_availability":"instock","product_availability":"instock","product_condition":"new"},"_links":{"self":[{"href":"https:\/\/linventelectric.com\/it\/wp-json\/wp\/v2\/product\/847","targetHints":{"allow":["GET"]}}],"collection":[{"href":"https:\/\/linventelectric.com\/it\/wp-json\/wp\/v2\/product"}],"about":[{"href":"https:\/\/linventelectric.com\/it\/wp-json\/wp\/v2\/types\/product"}],"wp:featuredmedia":[{"embeddable":true,"href":"https:\/\/linventelectric.com\/it\/wp-json\/wp\/v2\/media\/8070"}],"wp:attachment":[{"href":"https:\/\/linventelectric.com\/it\/wp-json\/wp\/v2\/media?parent=847"}],"wp:term":[{"taxonomy":"product_brand","embeddable":true,"href":"https:\/\/linventelectric.com\/it\/wp-json\/wp\/v2\/product_brand?post=847"},{"taxonomy":"product_cat","embeddable":true,"href":"https:\/\/linventelectric.com\/it\/wp-json\/wp\/v2\/product_cat?post=847"},{"taxonomy":"product_tag","embeddable":true,"href":"https:\/\/linventelectric.com\/it\/wp-json\/wp\/v2\/product_tag?post=847"}],"curies":[{"name":"wp","href":"https:\/\/api.w.org\/{rel}","templated":true}]}}