{"id":948,"date":"2025-01-03T06:56:02","date_gmt":"2025-01-03T06:56:02","guid":{"rendered":"https:\/\/linventelectric.com\/?post_type=product&#038;p=948"},"modified":"2025-04-02T10:00:42","modified_gmt":"2025-04-02T10:00:42","slug":"lticm-series-low-voltage-motor-soft-starte","status":"publish","type":"product","link":"https:\/\/linventelectric.com\/it\/prodotto\/lticm-series-low-voltage-motor-soft-starte\/","title":{"rendered":"Avviatore statico per motori a bassa tensione serie LTICM"},"content":{"rendered":"<div data-page-id=\"XQiGdyqLdoIBBgxEl3qcCPYhnTm\" data-lark-html-role=\"root\" data-docx-has-block-data=\"false\">\n<div class=\"ace-line ace-line old-record-id-Tz65dexAlowebaxcvLxcOzmdntb\">\n<h1 style=\"text-align: center;\">Panoramica del prodotto<\/h1>\n<h4>Caratteristiche<\/h4>\n<div data-page-id=\"XQiGdyqLdoIBBgxEl3qcCPYhnTm\" data-lark-html-role=\"root\" data-docx-has-block-data=\"false\">\n<div data-page-id=\"XQiGdyqLdoIBBgxEl3qcCPYhnTm\" data-lark-html-role=\"root\" data-docx-has-block-data=\"false\">\n<ul class=\"list-bullet1\">\n<li class=\"ace-line ace-line old-record-id-FGXad3h77oQv8mxLYbRcV9n4nDb\" data-list=\"bullet\">\n<div>Molteplici modalit\u00e0 di controllo del funzionamento: Gli utenti possono scegliere facilmente le modalit\u00e0 di avviamento, come l'avviamento a rampa di tensione, l'avviamento a limitazione di corrente, il jog, il doppio controllo (rampa pi\u00f9 limitazione di corrente), la curva del ventilatore e l'indice di corrente, e selezionare i parametri di controllo e i valori di protezione appropriati per ottenere il miglior effetto di avviamento.<\/div>\n<\/li>\n<li class=\"ace-line ace-line old-record-id-HIvhd35n6oqw3px3YppcdC2XnPd\" data-list=\"bullet\">\n<div>Alta tecnologia: l'elaborazione digitale del microprocessore ad alte prestazioni e le potenti capacit\u00e0 di supporto del software semplificano notevolmente il circuito di controllo, garantendo coerenza, precisione e velocit\u00e0 di esecuzione ottimali.<\/div>\n<\/li>\n<li class=\"ace-line ace-line old-record-id-IgdBdAPZsorcATxp6x0c5Y3gnof\" data-list=\"bullet\">\n<div>Forte capacit\u00e0 anti-interferenza: Tutti i segnali di ingresso esterni sono isolati otticamente e sono stati sottoposti a una buona elaborazione software di riduzione del rumore, che li rende adatti all'uso in ambienti industriali speciali.<\/div>\n<\/li>\n<li class=\"ace-line ace-line old-record-id-U197dUDqtoVHsfxIvNMcKnFtnZg\" data-list=\"bullet\">\n<div>Sequenza adattiva delle fasi di alimentazione: Ha la funzione di sequenza di fase di potenza adattativa, che \u00e8 conveniente per gli utenti di utilizzare<\/div>\n<\/li>\n<li class=\"ace-line ace-line old-record-id-J3n8djtpQoKO8Yxk46acoaPdnBf\" data-list=\"bullet\">\n<div>Frequenza di alimentazione adattiva: Ha la funzione di adattarsi alla frequenza di alimentazione di 50\/60Hz.<\/div>\n<\/li>\n<li class=\"ace-line ace-line old-record-id-XHxrdQ7zTox8q3xIH61coLOfnmh\" data-list=\"bullet\">\n<div>Funzioni di protezione pi\u00f9 complete: perdita di fase, rotore bloccato, sovracorrente, sovraccarico, surriscaldamento, squilibrio di corrente e timeout di avvio.<\/div>\n<\/li>\n<li class=\"ace-line ace-line old-record-id-OJ1YdPpaToQia9xOxdYcm3tznJe\" data-list=\"bullet\">\n<div>Funzione di memoria dei guasti: Con la funzione di memoria dei guasti, \u00e8 facile individuare la causa dei guasti.<\/div>\n<\/li>\n<li class=\"ace-line ace-line old-record-id-JJwWdE65Ioa1NPx7vzYctMNFndA\" data-list=\"bullet\">\n<div>Alimentazione di controllo: modalit\u00e0 di alimentazione a commutazione\uff08V5.1\uff09, ampia adattabilit\u00e0, non influenzata dalle fluttuazioni dell'alimentazione principale.<\/div>\n<\/li>\n<li class=\"ace-line ace-line old-record-id-VenFdQpzNodVcQx7BTOcsxXTnQc\" data-list=\"bullet\">\n<div>Struttura: Dispone di terminali dedicati al contattore di bypass e il metodo di collegamento del bypass pu\u00f2 essere selezionato come cablaggio verso l'alto o verso il basso.<\/div>\n<\/li>\n<li class=\"ace-line ace-line old-record-id-LF6bd9fKHo7O0zxlllTcN7w8n2g\" data-list=\"bullet\">\n<div>Facile manutenzione: Struttura: Il sistema di monitoraggio \u00e8 costituito da un'interfaccia di visualizzazione che monitora costantemente lo stato di funzionamento delle apparecchiature del sistema e fornisce una rapida diagnosi dei guasti.<\/div>\n<\/li>\n<\/ul>\n<\/div>\n<h4>Applicazioni<\/h4>\n<div data-page-id=\"XQiGdyqLdoIBBgxEl3qcCPYhnTm\" data-lark-html-role=\"root\" data-docx-has-block-data=\"false\">\n<div data-page-id=\"XQiGdyqLdoIBBgxEl3qcCPYhnTm\" data-lark-html-role=\"root\" data-docx-has-block-data=\"false\">\n<ol class=\"list-number1\" start=\"1\">\n<li class=\"ace-line ace-line old-record-id-WyCGdLN5poNJ5uxaiZMco7bknvF\" data-list=\"number\">\n<div>I fan<\/div>\n<\/li>\n<li class=\"ace-line ace-line old-record-id-HB9xdLXJ4ooH09x8VDZcDKvhnQf\" data-list=\"number\">\n<div>Pompe<\/div>\n<\/li>\n<li class=\"ace-line ace-line old-record-id-R02gdvCbAoLWTCxHXEFcBwy5n7w\" data-list=\"number\">\n<div>pompe centrifughe di grandi dimensioni<\/div>\n<\/li>\n<li class=\"ace-line ace-line old-record-id-JEq8d0wlwo0OcUxHcUqcLjyencf\" data-list=\"number\">\n<div>Compressori<\/div>\n<\/li>\n<li class=\"ace-line ace-line old-record-id-WbnadXLMCoIAJhxiINkcQM8InKd\" data-list=\"number\">\n<div>Soffiatori per altoforno<\/div>\n<\/li>\n<li class=\"ace-line ace-line old-record-id-AuBqdTRLUo5cyWxVp5icUpsGnJd\" data-list=\"number\">\n<div>Frantoio<\/div>\n<\/li>\n<li class=\"ace-line ace-line old-record-id-P2cedBquho5v8ZxsYcGcTkLqnsg\" data-list=\"number\">\n<div>Mulino a sfere<\/div>\n<\/li>\n<\/ol>\n<\/div>\n<\/div>\n<\/div>\n<\/div>\n<\/div>","protected":false},"excerpt":{"rendered":"<div data-page-id=\"XQiGdyqLdoIBBgxEl3qcCPYhnTm\" data-lark-html-role=\"root\" data-docx-has-block-data=\"false\">\n<div class=\"ace-line ace-line old-record-id-Tz65dexAlowebaxcvLxcOzmdntb\">\n<div data-page-id=\"XQiGdyqLdoIBBgxEl3qcCPYhnTm\" data-lark-html-role=\"root\" data-docx-has-block-data=\"false\">\n<div class=\"ace-line ace-line old-record-id-Tz65dexAlowebaxcvLxcOzmdntb\">Il soft starter per motori elettrici \u00e8 un prodotto per il controllo dell'avviamento dei motori elettrici. Viene utilizzato per ridurre la corrente di avviamento dei motori elettrici e minimizzare le perdite di impatto sulle apparecchiature meccaniche causate dall'avviamento del motore. La scelta di un soft starter pu\u00f2 anche ridurre la capacit\u00e0 dei trasformatori di distribuzione ed evitare investimenti per l'espansione della capacit\u00e0.<\/div>\n<div class=\"ace-line ace-line old-record-id-AIutdlGnqo3hC0x3qJDclqxLn0e\"><\/div>\n<div class=\"ace-line ace-line old-record-id-WEg8dx69ToFINyxcrIycwzPlnib\"><strong>Gamma di potenza<\/strong><\/div>\n<div class=\"ace-line ace-line old-record-id-J5fzdMCyRoHsccx9f7YcCDlen1d\">7,5KW~900KW<\/div>\n<div class=\"ace-line ace-line old-record-id-FVcWdhJfgoq5WwxeYP5cebQfnKf\"><\/div>\n<div class=\"ace-line ace-line old-record-id-EcdsdwqddoPc56xOHA4cGIvPn8f\"><strong>Tensione di ingresso<\/strong><\/div>\n<div class=\"ace-line ace-line old-record-id-XajGdVDgYo45yuxnbLPcs1fwneJ\">380V trifase<\/div>\n<div class=\"ace-line ace-line old-record-id-EFZrdKEGfo4HjMxoUeuc2A25nZd\">660V trifase<\/div>\n<div class=\"ace-line ace-line old-record-id-XhnkdtHbpoA5Clxm6HRcJbcMnRd\">1140V trifase<\/div>\n<\/div>\n<\/div>\n<\/div>","protected":false},"featured_media":8071,"template":"","meta":{"_daextam_enable_autolinks":"1","powered_cache_disable_cache":false},"product_brand":[],"product_cat":[39],"product_tag":[124,89],"class_list":{"0":"post-948","1":"product","2":"type-product","3":"status-publish","4":"has-post-thumbnail","6":"product_cat-motor-soft-starter","7":"product_tag-hvac-vfd","8":"product_tag-low-voltage-motor-soft-starter","10":"first","11":"instock","12":"featured","13":"shipping-taxable","14":"product-type-simple"},"acf":[],"yoast_head":"<!-- This site is optimized with the Yoast SEO Premium plugin v24.4 (Yoast SEO v24.5) - https:\/\/yoast.com\/wordpress\/plugins\/seo\/ -->\n<title>LTICM Series Low-voltage Motor Soft Starter - Linvent Electric<\/title>\n<meta name=\"description\" content=\"CF40-C VFD offers 22KW\u2013500KW power for 3-phase AC motors. Ideal for fans, pumps, crushers &amp; compressors. Reliable motor control with full protection.\" \/>\n<meta name=\"robots\" content=\"index, follow, max-snippet:-1, max-image-preview:large, max-video-preview:-1\" \/>\n<link rel=\"canonical\" href=\"https:\/\/linventelectric.com\/it\/prodotto\/lticm-series-low-voltage-motor-soft-starte\/\" \/>\n<meta property=\"og:locale\" content=\"it_IT\" \/>\n<meta property=\"og:type\" content=\"article\" \/>\n<meta property=\"og:title\" content=\"LTICM Series Low-voltage Motor Soft Starter\" \/>\n<meta property=\"og:description\" content=\"CF40-C VFD offers 22KW\u2013500KW power for 3-phase AC motors. Ideal for fans, pumps, crushers &amp; compressors. Reliable motor control with full protection.\" \/>\n<meta property=\"og:url\" content=\"https:\/\/linventelectric.com\/it\/prodotto\/lticm-series-low-voltage-motor-soft-starte\/\" \/>\n<meta property=\"og:site_name\" content=\"Linvent Electric\" \/>\n<meta property=\"article:modified_time\" content=\"2025-04-02T10:00:42+00:00\" \/>\n<meta property=\"og:image\" content=\"https:\/\/linventelectric.com\/wp-content\/uploads\/2025\/01\/HVLTICM-Series-low-voltage-Motor-Solid-State-Soft-Starter.jpg\" \/>\n\t<meta property=\"og:image:width\" content=\"1000\" \/>\n\t<meta property=\"og:image:height\" content=\"667\" \/>\n\t<meta property=\"og:image:type\" content=\"image\/jpeg\" \/>\n<meta name=\"twitter:card\" content=\"summary_large_image\" \/>\n<meta name=\"twitter:label1\" content=\"Price\" \/>\n\t<meta name=\"twitter:data1\" content=\"\" \/>\n\t<meta name=\"twitter:label2\" content=\"Availability\" \/>\n\t<meta name=\"twitter:data2\" content=\"In stock\" \/>\n<script type=\"application\/ld+json\" class=\"yoast-schema-graph\">{\"@context\":\"https:\/\/schema.org\",\"@graph\":[{\"@type\":\"WebPage\",\"@id\":\"https:\/\/linventelectric.com\/product\/lticm-series-low-voltage-motor-soft-starte\/\",\"url\":\"https:\/\/linventelectric.com\/product\/lticm-series-low-voltage-motor-soft-starte\/\",\"name\":\"LTICM Series Low-voltage Motor Soft Starter - Linvent Electric\",\"isPartOf\":{\"@id\":\"https:\/\/linventelectric.com\/#website\"},\"primaryImageOfPage\":{\"@id\":\"https:\/\/linventelectric.com\/product\/lticm-series-low-voltage-motor-soft-starte\/#primaryimage\"},\"image\":{\"@id\":\"https:\/\/linventelectric.com\/product\/lticm-series-low-voltage-motor-soft-starte\/#primaryimage\"},\"thumbnailUrl\":\"https:\/\/linventelectric.com\/wp-content\/uploads\/2025\/01\/HVLTICM-Series-low-voltage-Motor-Solid-State-Soft-Starter.jpg\",\"datePublished\":\"2025-01-03T06:56:02+00:00\",\"dateModified\":\"2025-04-02T10:00:42+00:00\",\"description\":\"CF40-C VFD offers 22KW\u2013500KW power for 3-phase AC motors. Ideal for fans, pumps, crushers & compressors. Reliable motor control with full protection.\",\"breadcrumb\":{\"@id\":\"https:\/\/linventelectric.com\/product\/lticm-series-low-voltage-motor-soft-starte\/#breadcrumb\"},\"inLanguage\":\"it-IT\",\"potentialAction\":[{\"@type\":\"ReadAction\",\"target\":[\"https:\/\/linventelectric.com\/product\/lticm-series-low-voltage-motor-soft-starte\/\"]}]},{\"@type\":\"ImageObject\",\"inLanguage\":\"it-IT\",\"@id\":\"https:\/\/linventelectric.com\/product\/lticm-series-low-voltage-motor-soft-starte\/#primaryimage\",\"url\":\"https:\/\/linventelectric.com\/wp-content\/uploads\/2025\/01\/HVLTICM-Series-low-voltage-Motor-Solid-State-Soft-Starter.jpg\",\"contentUrl\":\"https:\/\/linventelectric.com\/wp-content\/uploads\/2025\/01\/HVLTICM-Series-low-voltage-Motor-Solid-State-Soft-Starter.jpg\",\"width\":1000,\"height\":667,\"caption\":\"LTICM Series Low-voltage Motor Soft Starter\"},{\"@type\":\"BreadcrumbList\",\"@id\":\"https:\/\/linventelectric.com\/product\/lticm-series-low-voltage-motor-soft-starte\/#breadcrumb\",\"itemListElement\":[{\"@type\":\"ListItem\",\"position\":1,\"name\":\"Home\",\"item\":\"https:\/\/linventelectric.com\/\"},{\"@type\":\"ListItem\",\"position\":2,\"name\":\"Products\",\"item\":\"https:\/\/linventelectric.com\/products\/\"},{\"@type\":\"ListItem\",\"position\":3,\"name\":\"LTICM Series Low-voltage Motor Soft Starter\"}]},{\"@type\":\"WebSite\",\"@id\":\"https:\/\/linventelectric.com\/#website\",\"url\":\"https:\/\/linventelectric.com\/\",\"name\":\"LinventElectric China - Electrical Control Systems & Equipment Protection Solutions\",\"description\":\"Electrical Control &amp; Protection Solutions\",\"publisher\":{\"@id\":\"https:\/\/linventelectric.com\/#organization\"},\"potentialAction\":[{\"@type\":\"SearchAction\",\"target\":{\"@type\":\"EntryPoint\",\"urlTemplate\":\"https:\/\/linventelectric.com\/?s={search_term_string}\"},\"query-input\":{\"@type\":\"PropertyValueSpecification\",\"valueRequired\":true,\"valueName\":\"search_term_string\"}}],\"inLanguage\":\"it-IT\"},{\"@type\":\"Organization\",\"@id\":\"https:\/\/linventelectric.com\/#organization\",\"name\":\"LinventElectric China - Electrical Control Systems & Equipment Protection Solutions\",\"url\":\"https:\/\/linventelectric.com\/\",\"logo\":{\"@type\":\"ImageObject\",\"inLanguage\":\"it-IT\",\"@id\":\"https:\/\/linventelectric.com\/#\/schema\/logo\/image\/\",\"url\":\"https:\/\/linventelectric.com\/wp-content\/uploads\/2025\/03\/cropped-linventelectriclogo.png\",\"contentUrl\":\"https:\/\/linventelectric.com\/wp-content\/uploads\/2025\/03\/cropped-linventelectriclogo.png\",\"width\":323,\"height\":109,\"caption\":\"LinventElectric China - Electrical Control Systems & Equipment Protection Solutions\"},\"image\":{\"@id\":\"https:\/\/linventelectric.com\/#\/schema\/logo\/image\/\"}}]}<\/script>\n<meta property=\"product:price:amount\" content=\"0.00\" \/>\n<meta property=\"product:price:currency\" content=\"USD\" \/>\n<meta property=\"og:availability\" content=\"instock\" \/>\n<meta property=\"product:availability\" content=\"instock\" \/>\n<meta property=\"product:condition\" content=\"new\" \/>\n<!-- \/ Yoast SEO Premium plugin. -->","yoast_head_json":{"title":"LTICM Series Low-voltage Motor Soft Starter - Linvent Electric","description":"CF40-C VFD offers 22KW\u2013500KW power for 3-phase AC motors. Ideal for fans, pumps, crushers & compressors. Reliable motor control with full protection.","robots":{"index":"index","follow":"follow","max-snippet":"max-snippet:-1","max-image-preview":"max-image-preview:large","max-video-preview":"max-video-preview:-1"},"canonical":"https:\/\/linventelectric.com\/it\/prodotto\/lticm-series-low-voltage-motor-soft-starte\/","og_locale":"it_IT","og_type":"article","og_title":"LTICM Series Low-voltage Motor Soft Starter","og_description":"CF40-C VFD offers 22KW\u2013500KW power for 3-phase AC motors. Ideal for fans, pumps, crushers & compressors. Reliable motor control with full protection.","og_url":"https:\/\/linventelectric.com\/it\/prodotto\/lticm-series-low-voltage-motor-soft-starte\/","og_site_name":"Linvent Electric","article_modified_time":"2025-04-02T10:00:42+00:00","og_image":[{"width":1000,"height":667,"url":"https:\/\/linventelectric.com\/wp-content\/uploads\/2025\/01\/HVLTICM-Series-low-voltage-Motor-Solid-State-Soft-Starter.jpg","type":"image\/jpeg"}],"twitter_card":"summary_large_image","twitter_misc":{"Price":"","Availability":"In stock"},"schema":{"@context":"https:\/\/schema.org","@graph":[{"@type":"WebPage","@id":"https:\/\/linventelectric.com\/product\/lticm-series-low-voltage-motor-soft-starte\/","url":"https:\/\/linventelectric.com\/product\/lticm-series-low-voltage-motor-soft-starte\/","name":"LTICM Series Low-voltage Motor Soft Starter - Linvent Electric","isPartOf":{"@id":"https:\/\/linventelectric.com\/#website"},"primaryImageOfPage":{"@id":"https:\/\/linventelectric.com\/product\/lticm-series-low-voltage-motor-soft-starte\/#primaryimage"},"image":{"@id":"https:\/\/linventelectric.com\/product\/lticm-series-low-voltage-motor-soft-starte\/#primaryimage"},"thumbnailUrl":"https:\/\/linventelectric.com\/wp-content\/uploads\/2025\/01\/HVLTICM-Series-low-voltage-Motor-Solid-State-Soft-Starter.jpg","datePublished":"2025-01-03T06:56:02+00:00","dateModified":"2025-04-02T10:00:42+00:00","description":"CF40-C VFD offers 22KW\u2013500KW power for 3-phase AC motors. Ideal for fans, pumps, crushers & compressors. Reliable motor control with full protection.","breadcrumb":{"@id":"https:\/\/linventelectric.com\/product\/lticm-series-low-voltage-motor-soft-starte\/#breadcrumb"},"inLanguage":"it-IT","potentialAction":[{"@type":"ReadAction","target":["https:\/\/linventelectric.com\/product\/lticm-series-low-voltage-motor-soft-starte\/"]}]},{"@type":"ImageObject","inLanguage":"it-IT","@id":"https:\/\/linventelectric.com\/product\/lticm-series-low-voltage-motor-soft-starte\/#primaryimage","url":"https:\/\/linventelectric.com\/wp-content\/uploads\/2025\/01\/HVLTICM-Series-low-voltage-Motor-Solid-State-Soft-Starter.jpg","contentUrl":"https:\/\/linventelectric.com\/wp-content\/uploads\/2025\/01\/HVLTICM-Series-low-voltage-Motor-Solid-State-Soft-Starter.jpg","width":1000,"height":667,"caption":"LTICM Series Low-voltage Motor Soft Starter"},{"@type":"BreadcrumbList","@id":"https:\/\/linventelectric.com\/product\/lticm-series-low-voltage-motor-soft-starte\/#breadcrumb","itemListElement":[{"@type":"ListItem","position":1,"name":"Home","item":"https:\/\/linventelectric.com\/"},{"@type":"ListItem","position":2,"name":"Products","item":"https:\/\/linventelectric.com\/products\/"},{"@type":"ListItem","position":3,"name":"LTICM Series Low-voltage Motor Soft Starter"}]},{"@type":"WebSite","@id":"https:\/\/linventelectric.com\/#website","url":"https:\/\/linventelectric.com\/","name":"LinventElectric China - Electrical Control Systems & Equipment Protection Solutions","description":"Electrical Control &amp; Protection Solutions","publisher":{"@id":"https:\/\/linventelectric.com\/#organization"},"potentialAction":[{"@type":"SearchAction","target":{"@type":"EntryPoint","urlTemplate":"https:\/\/linventelectric.com\/?s={search_term_string}"},"query-input":{"@type":"PropertyValueSpecification","valueRequired":true,"valueName":"search_term_string"}}],"inLanguage":"it-IT"},{"@type":"Organization","@id":"https:\/\/linventelectric.com\/#organization","name":"LinventElectric China - Electrical Control Systems & Equipment Protection Solutions","url":"https:\/\/linventelectric.com\/","logo":{"@type":"ImageObject","inLanguage":"it-IT","@id":"https:\/\/linventelectric.com\/#\/schema\/logo\/image\/","url":"https:\/\/linventelectric.com\/wp-content\/uploads\/2025\/03\/cropped-linventelectriclogo.png","contentUrl":"https:\/\/linventelectric.com\/wp-content\/uploads\/2025\/03\/cropped-linventelectriclogo.png","width":323,"height":109,"caption":"LinventElectric China - Electrical Control Systems & Equipment Protection Solutions"},"image":{"@id":"https:\/\/linventelectric.com\/#\/schema\/logo\/image\/"}}]},"product_price_amount":"0.00","product_price_currency":"USD","og_availability":"instock","product_availability":"instock","product_condition":"new"},"_links":{"self":[{"href":"https:\/\/linventelectric.com\/it\/wp-json\/wp\/v2\/product\/948","targetHints":{"allow":["GET"]}}],"collection":[{"href":"https:\/\/linventelectric.com\/it\/wp-json\/wp\/v2\/product"}],"about":[{"href":"https:\/\/linventelectric.com\/it\/wp-json\/wp\/v2\/types\/product"}],"wp:featuredmedia":[{"embeddable":true,"href":"https:\/\/linventelectric.com\/it\/wp-json\/wp\/v2\/media\/8071"}],"wp:attachment":[{"href":"https:\/\/linventelectric.com\/it\/wp-json\/wp\/v2\/media?parent=948"}],"wp:term":[{"taxonomy":"product_brand","embeddable":true,"href":"https:\/\/linventelectric.com\/it\/wp-json\/wp\/v2\/product_brand?post=948"},{"taxonomy":"product_cat","embeddable":true,"href":"https:\/\/linventelectric.com\/it\/wp-json\/wp\/v2\/product_cat?post=948"},{"taxonomy":"product_tag","embeddable":true,"href":"https:\/\/linventelectric.com\/it\/wp-json\/wp\/v2\/product_tag?post=948"}],"curies":[{"name":"wp","href":"https:\/\/api.w.org\/{rel}","templated":true}]}}