{"id":8057,"date":"2025-03-06T01:38:04","date_gmt":"2025-03-06T01:38:04","guid":{"rendered":"https:\/\/linventelectric.com\/?post_type=product&#038;p=8057"},"modified":"2025-05-04T10:40:22","modified_gmt":"2025-05-04T10:40:22","slug":"cf40-c-series-high-performance-ac-drive-2","status":"publish","type":"product","link":"https:\/\/linventelectric.com\/pt\/produto\/cf40-c-series-high-performance-ac-drive-2\/","title":{"rendered":"Acionamento CA de elevado desempenho da s\u00e9rie CF40-C"},"content":{"rendered":"<h1 class=\"wp-block-heading\">Vis\u00e3o geral do produto<\/h1><figure class=\"wp-block-table\">\r\n<table class=\"has-fixed-layout\">\r\n<thead>\r\n<tr>\r\n<th><strong>#<\/strong><\/th>\r\n<th><strong>Carater\u00edsticas<\/strong><\/th>\r\n<th><strong>#<\/strong><\/th>\r\n<th><strong>Aplica\u00e7\u00f5es<\/strong><\/th>\r\n<\/tr>\r\n<\/thead>\r\n<tbody>\r\n<tr>\r\n<td>1<\/td>\r\n<td>Controlo vetorial de apoio de um motor ass\u00edncrono trif\u00e1sico de corrente alternada.<\/td>\r\n<td>1<\/td>\r\n<td>F\u00e3s<\/td>\r\n<\/tr>\r\n<tr>\r\n<td>2<\/td>\r\n<td>Vasta gama de aplica\u00e7\u00f5es, m\u00faltiplos m\u00e9todos de controlo: controlo vetorial de circuito aberto (SVC), controlo vetorial de circuito fechado (FVC), controlo V\/F, controlo de separa\u00e7\u00e3o V\/F.<\/td>\r\n<td>2<\/td>\r\n<td>Bombas<\/td>\r\n<\/tr>\r\n<tr>\r\n<td>3<\/td>\r\n<td>Suporta codificadores diferenciais, codificadores de coletor aberto, resolvers, etc.<\/td>\r\n<td>3<\/td>\r\n<td>Embalagem<\/td>\r\n<\/tr>\r\n<tr>\r\n<td>4<\/td>\r\n<td>Novo algoritmo de controlo vetorial sem sensor de velocidade: proporciona melhor estabilidade a baixa velocidade, maior capacidade de transporte a baixa frequ\u00eancia e suporta o controlo de bin\u00e1rio SVC.<\/td>\r\n<td>4<\/td>\r\n<td>T\u00eaxtil<\/td>\r\n<\/tr>\r\n<tr>\r\n<td>5<\/td>\r\n<td>As carater\u00edsticas personalizadas tornam-no flex\u00edvel e f\u00e1cil de utilizar: paragem moment\u00e2nea, limite r\u00e1pido de corrente, controlo de intervalo de tempo alargado, comuta\u00e7\u00e3o de v\u00e1rios motores, prote\u00e7\u00e3o contra sobreaquecimento do motor.<\/td>\r\n<td>5<\/td>\r\n<td>Fabrico de papel<\/td>\r\n<\/tr>\r\n<tr>\r\n<td>\u00a0<\/td>\r\n<td>\u00a0<\/td>\r\n<td>6<\/td>\r\n<td>Produ\u00e7\u00e3o de areia<\/td>\r\n<\/tr>\r\n<tr>\r\n<td>\u00a0<\/td>\r\n<td>\u00a0<\/td>\r\n<td>7<\/td>\r\n<td>Ar condicionado central<\/td>\r\n<\/tr>\r\n<tr>\r\n<td>\u00a0<\/td>\r\n<td>\u00a0<\/td>\r\n<td>8<\/td>\r\n<td>Fonte de m\u00fasica<\/td>\r\n<\/tr>\r\n<tr>\r\n<td>\u00a0<\/td>\r\n<td>\u00a0<\/td>\r\n<td>9<\/td>\r\n<td>Abastecimento de \u00e1gua a press\u00e3o constante<\/td>\r\n<\/tr>\r\n<tr>\r\n<td>\u00a0<\/td>\r\n<td>\u00a0<\/td>\r\n<td>10<\/td>\r\n<td>Forno rotativo<\/td>\r\n<\/tr>\r\n<tr>\r\n<td>\u00a0<\/td>\r\n<td>\u00a0<\/td>\r\n<td>11<\/td>\r\n<td>M\u00e1quina de moldagem por sopro<\/td>\r\n<\/tr>\r\n<tr>\r\n<td>\u00a0<\/td>\r\n<td>\u00a0<\/td>\r\n<td>12<\/td>\r\n<td>M\u00e1quinas de eleva\u00e7\u00e3o<\/td>\r\n<\/tr>\r\n<\/tbody>\r\n<\/table>\r\n<\/figure><p>&nbsp;<\/p>","protected":false},"excerpt":{"rendered":"<div data-page-id=\"XQiGdyqLdoIBBgxEl3qcCPYhnTm\" data-lark-html-role=\"root\" data-docx-has-block-data=\"false\">\n<div class=\"ace-line ace-line old-record-id-LbVbdDhcyoq712xcR1rcLJJ9n0g\">O CF40-C VFD \u00e9 um variador de frequ\u00eancia CA de elevado desempenho utilizado como acionamento e controlador de velocidade de motores ass\u00edncronos CA trif\u00e1sicos.<\/div>\n<div class=\"ace-line ace-line old-record-id-RtukdeoTMokvkhxUVJ6cqJj9n7f\">\u00a0<\/div>\n<div class=\"ace-line ace-line old-record-id-D5tVdioMroCWSVxumpKcrpnNnvg\"><strong>Gama de pot\u00eancia<\/strong><\/div>\n<div class=\"ace-line ace-line old-record-id-RAejdmjBDoo6MTxEVXXciEyAnAh\">22KW~500KW<\/div>\n<div class=\"ace-line ace-line old-record-id-LwGadANwToWAw1xEOJHcl2pknDe\">\u00a0<\/div>\n<div class=\"ace-line ace-line old-record-id-OqaldFR3po5nPsx8iYXcv8nVncf\"><strong>Tens\u00e3o de entrada<\/strong><\/div>\n<div class=\"ace-line ace-line old-record-id-CRKWdS0iioMVzBx0RhacaVcenxd\">380V trif\u00e1sico<\/div>\n<div class=\"ace-line ace-line old-record-id-HfeEdCotnozo5JxsLNfczuhsnjb\">440V trif\u00e1sico<\/div>\n<\/div>","protected":false},"featured_media":8058,"template":"","meta":{"_daextam_enable_autolinks":"1","powered_cache_disable_cache":false},"product_brand":[],"product_cat":[38],"product_tag":[86,85],"class_list":{"0":"post-8057","1":"product","2":"type-product","3":"status-publish","4":"has-post-thumbnail","6":"product_cat-variable-frequency-drive-frequency-inverter","7":"product_tag-ac-drive","8":"product_tag-vfd","10":"first","11":"instock","12":"featured","13":"shipping-taxable","14":"product-type-simple"},"acf":[],"yoast_head":"<!-- This site is optimized with the Yoast SEO Premium plugin v24.4 (Yoast SEO v24.5) - https:\/\/yoast.com\/wordpress\/plugins\/seo\/ -->\n<title>CF40-C Series High Performance AC Drive - Linvent Electric<\/title>\n<meta name=\"description\" content=\"High performance CF40-C VFD for 3-phase AC motors, 22KW\u2013500KW. Ideal for industrial motor control, energy saving, and precise speed regulation.\" \/>\n<meta name=\"robots\" content=\"index, follow, max-snippet:-1, max-image-preview:large, max-video-preview:-1\" \/>\n<link rel=\"canonical\" href=\"https:\/\/linventelectric.com\/pt\/produto\/cf40-c-series-high-performance-ac-drive-2\/\" \/>\n<meta property=\"og:locale\" content=\"pt_PT\" \/>\n<meta property=\"og:type\" content=\"article\" \/>\n<meta property=\"og:title\" content=\"CF40-C Series High Performance AC Drive\" \/>\n<meta property=\"og:description\" content=\"High performance CF40-C VFD for 3-phase AC motors, 22KW\u2013500KW. Ideal for industrial motor control, energy saving, and precise speed regulation.\" \/>\n<meta property=\"og:url\" content=\"https:\/\/linventelectric.com\/pt\/produto\/cf40-c-series-high-performance-ac-drive-2\/\" \/>\n<meta property=\"og:site_name\" content=\"Linvent Electric\" \/>\n<meta property=\"article:modified_time\" content=\"2025-05-04T10:40:22+00:00\" \/>\n<meta property=\"og:image\" content=\"https:\/\/linventelectric.com\/wp-content\/uploads\/2025\/03\/CF40-C-Series-High-Performance-AC-Drive-scaled.jpg\" \/>\n\t<meta property=\"og:image:width\" content=\"2560\" \/>\n\t<meta property=\"og:image:height\" content=\"1707\" \/>\n\t<meta property=\"og:image:type\" content=\"image\/jpeg\" \/>\n<meta name=\"twitter:card\" content=\"summary_large_image\" \/>\n<meta name=\"twitter:label1\" content=\"Price\" \/>\n\t<meta name=\"twitter:data1\" content=\"\" \/>\n\t<meta name=\"twitter:label2\" content=\"Availability\" \/>\n\t<meta name=\"twitter:data2\" content=\"In stock\" \/>\n<script type=\"application\/ld+json\" class=\"yoast-schema-graph\">{\"@context\":\"https:\/\/schema.org\",\"@graph\":[{\"@type\":\"WebPage\",\"@id\":\"https:\/\/linventelectric.com\/product\/cf40-c-series-high-performance-ac-drive-2\/\",\"url\":\"https:\/\/linventelectric.com\/product\/cf40-c-series-high-performance-ac-drive-2\/\",\"name\":\"CF40-C Series High Performance AC Drive - Linvent Electric\",\"isPartOf\":{\"@id\":\"https:\/\/linventelectric.com\/#website\"},\"primaryImageOfPage\":{\"@id\":\"https:\/\/linventelectric.com\/product\/cf40-c-series-high-performance-ac-drive-2\/#primaryimage\"},\"image\":{\"@id\":\"https:\/\/linventelectric.com\/product\/cf40-c-series-high-performance-ac-drive-2\/#primaryimage\"},\"thumbnailUrl\":\"https:\/\/linventelectric.com\/wp-content\/uploads\/2025\/03\/CF40-C-Series-High-Performance-AC-Drive-scaled.jpg\",\"datePublished\":\"2025-03-06T01:38:04+00:00\",\"dateModified\":\"2025-05-04T10:40:22+00:00\",\"description\":\"High performance CF40-C VFD for 3-phase AC motors, 22KW\u2013500KW. Ideal for industrial motor control, energy saving, and precise speed regulation.\",\"breadcrumb\":{\"@id\":\"https:\/\/linventelectric.com\/product\/cf40-c-series-high-performance-ac-drive-2\/#breadcrumb\"},\"inLanguage\":\"pt-PT\",\"potentialAction\":[{\"@type\":\"ReadAction\",\"target\":[\"https:\/\/linventelectric.com\/product\/cf40-c-series-high-performance-ac-drive-2\/\"]}]},{\"@type\":\"ImageObject\",\"inLanguage\":\"pt-PT\",\"@id\":\"https:\/\/linventelectric.com\/product\/cf40-c-series-high-performance-ac-drive-2\/#primaryimage\",\"url\":\"https:\/\/linventelectric.com\/wp-content\/uploads\/2025\/03\/CF40-C-Series-High-Performance-AC-Drive-scaled.jpg\",\"contentUrl\":\"https:\/\/linventelectric.com\/wp-content\/uploads\/2025\/03\/CF40-C-Series-High-Performance-AC-Drive-scaled.jpg\",\"width\":2560,\"height\":1707,\"caption\":\"CF40-C Series High Performance AC Drive\"},{\"@type\":\"BreadcrumbList\",\"@id\":\"https:\/\/linventelectric.com\/product\/cf40-c-series-high-performance-ac-drive-2\/#breadcrumb\",\"itemListElement\":[{\"@type\":\"ListItem\",\"position\":1,\"name\":\"Home\",\"item\":\"https:\/\/linventelectric.com\/\"},{\"@type\":\"ListItem\",\"position\":2,\"name\":\"Products\",\"item\":\"https:\/\/linventelectric.com\/products\/\"},{\"@type\":\"ListItem\",\"position\":3,\"name\":\"\u6d4b\u8bd5\u9762\u5305\u5c51\u7684\u6807\u9898\"}]},{\"@type\":\"WebSite\",\"@id\":\"https:\/\/linventelectric.com\/#website\",\"url\":\"https:\/\/linventelectric.com\/\",\"name\":\"LinventElectric China - Electrical Control Systems & Equipment Protection Solutions\",\"description\":\"Electrical Control &amp; Protection Solutions\",\"publisher\":{\"@id\":\"https:\/\/linventelectric.com\/#organization\"},\"potentialAction\":[{\"@type\":\"SearchAction\",\"target\":{\"@type\":\"EntryPoint\",\"urlTemplate\":\"https:\/\/linventelectric.com\/?s={search_term_string}\"},\"query-input\":{\"@type\":\"PropertyValueSpecification\",\"valueRequired\":true,\"valueName\":\"search_term_string\"}}],\"inLanguage\":\"pt-PT\"},{\"@type\":\"Organization\",\"@id\":\"https:\/\/linventelectric.com\/#organization\",\"name\":\"LinventElectric China - Electrical Control Systems & Equipment Protection Solutions\",\"url\":\"https:\/\/linventelectric.com\/\",\"logo\":{\"@type\":\"ImageObject\",\"inLanguage\":\"pt-PT\",\"@id\":\"https:\/\/linventelectric.com\/#\/schema\/logo\/image\/\",\"url\":\"https:\/\/linventelectric.com\/wp-content\/uploads\/2025\/03\/cropped-linventelectriclogo.png\",\"contentUrl\":\"https:\/\/linventelectric.com\/wp-content\/uploads\/2025\/03\/cropped-linventelectriclogo.png\",\"width\":323,\"height\":109,\"caption\":\"LinventElectric China - Electrical Control Systems & Equipment Protection Solutions\"},\"image\":{\"@id\":\"https:\/\/linventelectric.com\/#\/schema\/logo\/image\/\"}}]}<\/script>\n<meta property=\"product:price:amount\" content=\"0.00\" \/>\n<meta property=\"product:price:currency\" content=\"USD\" \/>\n<meta property=\"og:availability\" content=\"instock\" \/>\n<meta property=\"product:availability\" content=\"instock\" \/>\n<meta property=\"product:condition\" content=\"new\" \/>\n<!-- \/ Yoast SEO Premium plugin. -->","yoast_head_json":{"title":"CF40-C Series High Performance AC Drive - Linvent Electric","description":"High performance CF40-C VFD for 3-phase AC motors, 22KW\u2013500KW. Ideal for industrial motor control, energy saving, and precise speed regulation.","robots":{"index":"index","follow":"follow","max-snippet":"max-snippet:-1","max-image-preview":"max-image-preview:large","max-video-preview":"max-video-preview:-1"},"canonical":"https:\/\/linventelectric.com\/pt\/produto\/cf40-c-series-high-performance-ac-drive-2\/","og_locale":"pt_PT","og_type":"article","og_title":"CF40-C Series High Performance AC Drive","og_description":"High performance CF40-C VFD for 3-phase AC motors, 22KW\u2013500KW. Ideal for industrial motor control, energy saving, and precise speed regulation.","og_url":"https:\/\/linventelectric.com\/pt\/produto\/cf40-c-series-high-performance-ac-drive-2\/","og_site_name":"Linvent Electric","article_modified_time":"2025-05-04T10:40:22+00:00","og_image":[{"width":2560,"height":1707,"url":"https:\/\/linventelectric.com\/wp-content\/uploads\/2025\/03\/CF40-C-Series-High-Performance-AC-Drive-scaled.jpg","type":"image\/jpeg"}],"twitter_card":"summary_large_image","twitter_misc":{"Price":"","Availability":"In stock"},"schema":{"@context":"https:\/\/schema.org","@graph":[{"@type":"WebPage","@id":"https:\/\/linventelectric.com\/product\/cf40-c-series-high-performance-ac-drive-2\/","url":"https:\/\/linventelectric.com\/product\/cf40-c-series-high-performance-ac-drive-2\/","name":"CF40-C Series High Performance AC Drive - Linvent Electric","isPartOf":{"@id":"https:\/\/linventelectric.com\/#website"},"primaryImageOfPage":{"@id":"https:\/\/linventelectric.com\/product\/cf40-c-series-high-performance-ac-drive-2\/#primaryimage"},"image":{"@id":"https:\/\/linventelectric.com\/product\/cf40-c-series-high-performance-ac-drive-2\/#primaryimage"},"thumbnailUrl":"https:\/\/linventelectric.com\/wp-content\/uploads\/2025\/03\/CF40-C-Series-High-Performance-AC-Drive-scaled.jpg","datePublished":"2025-03-06T01:38:04+00:00","dateModified":"2025-05-04T10:40:22+00:00","description":"High performance CF40-C VFD for 3-phase AC motors, 22KW\u2013500KW. Ideal for industrial motor control, energy saving, and precise speed regulation.","breadcrumb":{"@id":"https:\/\/linventelectric.com\/product\/cf40-c-series-high-performance-ac-drive-2\/#breadcrumb"},"inLanguage":"pt-PT","potentialAction":[{"@type":"ReadAction","target":["https:\/\/linventelectric.com\/product\/cf40-c-series-high-performance-ac-drive-2\/"]}]},{"@type":"ImageObject","inLanguage":"pt-PT","@id":"https:\/\/linventelectric.com\/product\/cf40-c-series-high-performance-ac-drive-2\/#primaryimage","url":"https:\/\/linventelectric.com\/wp-content\/uploads\/2025\/03\/CF40-C-Series-High-Performance-AC-Drive-scaled.jpg","contentUrl":"https:\/\/linventelectric.com\/wp-content\/uploads\/2025\/03\/CF40-C-Series-High-Performance-AC-Drive-scaled.jpg","width":2560,"height":1707,"caption":"CF40-C Series High Performance AC Drive"},{"@type":"BreadcrumbList","@id":"https:\/\/linventelectric.com\/product\/cf40-c-series-high-performance-ac-drive-2\/#breadcrumb","itemListElement":[{"@type":"ListItem","position":1,"name":"Home","item":"https:\/\/linventelectric.com\/"},{"@type":"ListItem","position":2,"name":"Products","item":"https:\/\/linventelectric.com\/products\/"},{"@type":"ListItem","position":3,"name":"\u6d4b\u8bd5\u9762\u5305\u5c51\u7684\u6807\u9898"}]},{"@type":"WebSite","@id":"https:\/\/linventelectric.com\/#website","url":"https:\/\/linventelectric.com\/","name":"LinventElectric China - Electrical Control Systems & Equipment Protection Solutions","description":"Electrical Control &amp; Protection Solutions","publisher":{"@id":"https:\/\/linventelectric.com\/#organization"},"potentialAction":[{"@type":"SearchAction","target":{"@type":"EntryPoint","urlTemplate":"https:\/\/linventelectric.com\/?s={search_term_string}"},"query-input":{"@type":"PropertyValueSpecification","valueRequired":true,"valueName":"search_term_string"}}],"inLanguage":"pt-PT"},{"@type":"Organization","@id":"https:\/\/linventelectric.com\/#organization","name":"LinventElectric China - Electrical Control Systems & Equipment Protection Solutions","url":"https:\/\/linventelectric.com\/","logo":{"@type":"ImageObject","inLanguage":"pt-PT","@id":"https:\/\/linventelectric.com\/#\/schema\/logo\/image\/","url":"https:\/\/linventelectric.com\/wp-content\/uploads\/2025\/03\/cropped-linventelectriclogo.png","contentUrl":"https:\/\/linventelectric.com\/wp-content\/uploads\/2025\/03\/cropped-linventelectriclogo.png","width":323,"height":109,"caption":"LinventElectric China - Electrical Control Systems & Equipment Protection Solutions"},"image":{"@id":"https:\/\/linventelectric.com\/#\/schema\/logo\/image\/"}}]},"product_price_amount":"0.00","product_price_currency":"USD","og_availability":"instock","product_availability":"instock","product_condition":"new"},"_links":{"self":[{"href":"https:\/\/linventelectric.com\/pt\/wp-json\/wp\/v2\/product\/8057","targetHints":{"allow":["GET"]}}],"collection":[{"href":"https:\/\/linventelectric.com\/pt\/wp-json\/wp\/v2\/product"}],"about":[{"href":"https:\/\/linventelectric.com\/pt\/wp-json\/wp\/v2\/types\/product"}],"wp:featuredmedia":[{"embeddable":true,"href":"https:\/\/linventelectric.com\/pt\/wp-json\/wp\/v2\/media\/8058"}],"wp:attachment":[{"href":"https:\/\/linventelectric.com\/pt\/wp-json\/wp\/v2\/media?parent=8057"}],"wp:term":[{"taxonomy":"product_brand","embeddable":true,"href":"https:\/\/linventelectric.com\/pt\/wp-json\/wp\/v2\/product_brand?post=8057"},{"taxonomy":"product_cat","embeddable":true,"href":"https:\/\/linventelectric.com\/pt\/wp-json\/wp\/v2\/product_cat?post=8057"},{"taxonomy":"product_tag","embeddable":true,"href":"https:\/\/linventelectric.com\/pt\/wp-json\/wp\/v2\/product_tag?post=8057"}],"curies":[{"name":"wp","href":"https:\/\/api.w.org\/{rel}","templated":true}]}}