{"id":948,"date":"2025-01-03T06:56:02","date_gmt":"2025-01-03T06:56:02","guid":{"rendered":"https:\/\/linventelectric.com\/?post_type=product&#038;p=948"},"modified":"2025-04-02T10:00:42","modified_gmt":"2025-04-02T10:00:42","slug":"lticm-series-low-voltage-motor-soft-starte","status":"publish","type":"product","link":"https:\/\/linventelectric.com\/pt\/produto\/lticm-series-low-voltage-motor-soft-starte\/","title":{"rendered":"Arrancador suave para motor de baixa tens\u00e3o da s\u00e9rie LTICM"},"content":{"rendered":"<div data-page-id=\"XQiGdyqLdoIBBgxEl3qcCPYhnTm\" data-lark-html-role=\"root\" data-docx-has-block-data=\"false\">\n<div class=\"ace-line ace-line old-record-id-Tz65dexAlowebaxcvLxcOzmdntb\">\n<h1 style=\"text-align: center;\">Vis\u00e3o geral do produto<\/h1>\n<h4>Carater\u00edsticas<\/h4>\n<div data-page-id=\"XQiGdyqLdoIBBgxEl3qcCPYhnTm\" data-lark-html-role=\"root\" data-docx-has-block-data=\"false\">\n<div data-page-id=\"XQiGdyqLdoIBBgxEl3qcCPYhnTm\" data-lark-html-role=\"root\" data-docx-has-block-data=\"false\">\n<ul class=\"list-bullet1\">\n<li class=\"ace-line ace-line old-record-id-FGXad3h77oQv8mxLYbRcV9n4nDb\" data-list=\"bullet\">\n<div>M\u00faltiplos modos de controlo de funcionamento: Os utilizadores podem escolher facilmente os modos de arranque, tais como arranque em rampa de tens\u00e3o, arranque com limita\u00e7\u00e3o de corrente, jog, controlo duplo (rampa e limita\u00e7\u00e3o de corrente), curva da ventoinha e \u00edndice de corrente, e selecionar par\u00e2metros de controlo e valores de prote\u00e7\u00e3o adequados para obter o melhor efeito de arranque.<\/div>\n<\/li>\n<li class=\"ace-line ace-line old-record-id-HIvhd35n6oqw3px3YppcdC2XnPd\" data-list=\"bullet\">\n<div>Alta tecnologia: O processamento digital do microprocessador de alto desempenho e as poderosas capacidades de suporte de software simplificam grandemente o circuito de controlo, resultando numa consist\u00eancia, precis\u00e3o e velocidade de execu\u00e7\u00e3o \u00f3ptimas.<\/div>\n<\/li>\n<li class=\"ace-line ace-line old-record-id-IgdBdAPZsorcATxp6x0c5Y3gnof\" data-list=\"bullet\">\n<div>Forte capacidade anti-interfer\u00eancia: Todos os sinais de entrada externos s\u00e3o opticamente isolados e foram submetidos a um bom processamento de redu\u00e7\u00e3o de ru\u00eddo de software, tornando-os adequados para utiliza\u00e7\u00e3o em ambientes industriais especiais.<\/div>\n<\/li>\n<li class=\"ace-line ace-line old-record-id-U197dUDqtoVHsfxIvNMcKnFtnZg\" data-list=\"bullet\">\n<div>Sequ\u00eancia de fase de pot\u00eancia adapt\u00e1vel: Tem a fun\u00e7\u00e3o de sequ\u00eancia de fase de pot\u00eancia adapt\u00e1vel, que \u00e9 conveniente para os utilizadores utilizarem<\/div>\n<\/li>\n<li class=\"ace-line ace-line old-record-id-J3n8djtpQoKO8Yxk46acoaPdnBf\" data-list=\"bullet\">\n<div>Frequ\u00eancia de alimenta\u00e7\u00e3o adapt\u00e1vel: Tem a fun\u00e7\u00e3o de se adaptar \u00e0 frequ\u00eancia de alimenta\u00e7\u00e3o de 50\/60Hz<\/div>\n<\/li>\n<li class=\"ace-line ace-line old-record-id-XHxrdQ7zTox8q3xIH61coLOfnmh\" data-list=\"bullet\">\n<div>Fun\u00e7\u00f5es de prote\u00e7\u00e3o mais abrangentes: perda de fase, rotor bloqueado, sobrecorrente, sobrecarga, sobreaquecimento, desequil\u00edbrio de corrente e tempo limite de arranque.<\/div>\n<\/li>\n<li class=\"ace-line ace-line old-record-id-OJ1YdPpaToQia9xOxdYcm3tznJe\" data-list=\"bullet\">\n<div>Fun\u00e7\u00e3o de mem\u00f3ria de falhas: Com a fun\u00e7\u00e3o de mem\u00f3ria de falhas, \u00e9 f\u00e1cil encontrar a causa das falhas.<\/div>\n<\/li>\n<li class=\"ace-line ace-line old-record-id-JJwWdE65Ioa1NPx7vzYctMNFndA\" data-list=\"bullet\">\n<div>Fonte de alimenta\u00e7\u00e3o de controle: modo de fonte de alimenta\u00e7\u00e3o do interrutor \uff08V5.1\uff09, ampla adaptabilidade, n\u00e3o afetado por flutua\u00e7\u00f5es na fonte de alimenta\u00e7\u00e3o principal.<\/div>\n<\/li>\n<li class=\"ace-line ace-line old-record-id-VenFdQpzNodVcQx7BTOcsxXTnQc\" data-list=\"bullet\">\n<div>Estrutura: Tem terminais de contactor de bypass dedicados e o m\u00e9todo de liga\u00e7\u00e3o de bypass pode ser selecionado como cablagem ascendente e descendente.<\/div>\n<\/li>\n<li class=\"ace-line ace-line old-record-id-LF6bd9fKHo7O0zxlllTcN7w8n2g\" data-list=\"bullet\">\n<div>Manuten\u00e7\u00e3o f\u00e1cil: Estrutura: O sistema de monitoriza\u00e7\u00e3o \u00e9 composto por uma interface de visualiza\u00e7\u00e3o que monitoriza constantemente o estado de funcionamento do equipamento do sistema e fornece um diagn\u00f3stico r\u00e1pido de falhas.<\/div>\n<\/li>\n<\/ul>\n<\/div>\n<h4>Aplica\u00e7\u00f5es<\/h4>\n<div data-page-id=\"XQiGdyqLdoIBBgxEl3qcCPYhnTm\" data-lark-html-role=\"root\" data-docx-has-block-data=\"false\">\n<div data-page-id=\"XQiGdyqLdoIBBgxEl3qcCPYhnTm\" data-lark-html-role=\"root\" data-docx-has-block-data=\"false\">\n<ol class=\"list-number1\" start=\"1\">\n<li class=\"ace-line ace-line old-record-id-WyCGdLN5poNJ5uxaiZMco7bknvF\" data-list=\"number\">\n<div>F\u00e3s<\/div>\n<\/li>\n<li class=\"ace-line ace-line old-record-id-HB9xdLXJ4ooH09x8VDZcDKvhnQf\" data-list=\"number\">\n<div>Bombas<\/div>\n<\/li>\n<li class=\"ace-line ace-line old-record-id-R02gdvCbAoLWTCxHXEFcBwy5n7w\" data-list=\"number\">\n<div>grandes bombas centr\u00edfugas<\/div>\n<\/li>\n<li class=\"ace-line ace-line old-record-id-JEq8d0wlwo0OcUxHcUqcLjyencf\" data-list=\"number\">\n<div>Compressores<\/div>\n<\/li>\n<li class=\"ace-line ace-line old-record-id-WbnadXLMCoIAJhxiINkcQM8InKd\" data-list=\"number\">\n<div>Sopradores de alto-forno<\/div>\n<\/li>\n<li class=\"ace-line ace-line old-record-id-AuBqdTRLUo5cyWxVp5icUpsGnJd\" data-list=\"number\">\n<div>Triturador<\/div>\n<\/li>\n<li class=\"ace-line ace-line old-record-id-P2cedBquho5v8ZxsYcGcTkLqnsg\" data-list=\"number\">\n<div>Moinho de bolas<\/div>\n<\/li>\n<\/ol>\n<\/div>\n<\/div>\n<\/div>\n<\/div>\n<\/div>","protected":false},"excerpt":{"rendered":"<div data-page-id=\"XQiGdyqLdoIBBgxEl3qcCPYhnTm\" data-lark-html-role=\"root\" data-docx-has-block-data=\"false\">\n<div class=\"ace-line ace-line old-record-id-Tz65dexAlowebaxcvLxcOzmdntb\">\n<div data-page-id=\"XQiGdyqLdoIBBgxEl3qcCPYhnTm\" data-lark-html-role=\"root\" data-docx-has-block-data=\"false\">\n<div class=\"ace-line ace-line old-record-id-Tz65dexAlowebaxcvLxcOzmdntb\">O arranque suave do motor el\u00e9trico \u00e9 um produto de controlo do arranque do motor el\u00e9trico. Utilizado para reduzir a corrente de arranque dos motores el\u00e9ctricos e minimizar as perdas de impacto no equipamento mec\u00e2nico causadas pelo arranque do motor. A escolha de um arrancador suave tamb\u00e9m pode reduzir a capacidade dos transformadores de distribui\u00e7\u00e3o e evitar o investimento na expans\u00e3o da capacidade.<\/div>\n<div class=\"ace-line ace-line old-record-id-AIutdlGnqo3hC0x3qJDclqxLn0e\"><\/div>\n<div class=\"ace-line ace-line old-record-id-WEg8dx69ToFINyxcrIycwzPlnib\"><strong>Gama de pot\u00eancia<\/strong><\/div>\n<div class=\"ace-line ace-line old-record-id-J5fzdMCyRoHsccx9f7YcCDlen1d\">7,5KW~900KW<\/div>\n<div class=\"ace-line ace-line old-record-id-FVcWdhJfgoq5WwxeYP5cebQfnKf\"><\/div>\n<div class=\"ace-line ace-line old-record-id-EcdsdwqddoPc56xOHA4cGIvPn8f\"><strong>Tens\u00e3o de entrada<\/strong><\/div>\n<div class=\"ace-line ace-line old-record-id-XajGdVDgYo45yuxnbLPcs1fwneJ\">380V trif\u00e1sico<\/div>\n<div class=\"ace-line ace-line old-record-id-EFZrdKEGfo4HjMxoUeuc2A25nZd\">660V trif\u00e1sico<\/div>\n<div class=\"ace-line ace-line old-record-id-XhnkdtHbpoA5Clxm6HRcJbcMnRd\">1140V trif\u00e1sico<\/div>\n<\/div>\n<\/div>\n<\/div>","protected":false},"featured_media":8071,"template":"","meta":{"_daextam_enable_autolinks":"1","powered_cache_disable_cache":false},"product_brand":[],"product_cat":[39],"product_tag":[124,89],"class_list":{"0":"post-948","1":"product","2":"type-product","3":"status-publish","4":"has-post-thumbnail","6":"product_cat-motor-soft-starter","7":"product_tag-hvac-vfd","8":"product_tag-low-voltage-motor-soft-starter","10":"first","11":"instock","12":"featured","13":"shipping-taxable","14":"product-type-simple"},"acf":[],"yoast_head":"<!-- This site is optimized with the Yoast SEO Premium plugin v24.4 (Yoast SEO v24.5) - https:\/\/yoast.com\/wordpress\/plugins\/seo\/ -->\n<title>LTICM Series Low-voltage Motor Soft Starter - Linvent Electric<\/title>\n<meta name=\"description\" content=\"CF40-C VFD offers 22KW\u2013500KW power for 3-phase AC motors. Ideal for fans, pumps, crushers &amp; compressors. Reliable motor control with full protection.\" \/>\n<meta name=\"robots\" content=\"index, follow, max-snippet:-1, max-image-preview:large, max-video-preview:-1\" \/>\n<link rel=\"canonical\" href=\"https:\/\/linventelectric.com\/pt\/produto\/lticm-series-low-voltage-motor-soft-starte\/\" \/>\n<meta property=\"og:locale\" content=\"pt_PT\" \/>\n<meta property=\"og:type\" content=\"article\" \/>\n<meta property=\"og:title\" content=\"LTICM Series Low-voltage Motor Soft Starter\" \/>\n<meta property=\"og:description\" content=\"CF40-C VFD offers 22KW\u2013500KW power for 3-phase AC motors. Ideal for fans, pumps, crushers &amp; compressors. Reliable motor control with full protection.\" \/>\n<meta property=\"og:url\" content=\"https:\/\/linventelectric.com\/pt\/produto\/lticm-series-low-voltage-motor-soft-starte\/\" \/>\n<meta property=\"og:site_name\" content=\"Linvent Electric\" \/>\n<meta property=\"article:modified_time\" content=\"2025-04-02T10:00:42+00:00\" \/>\n<meta property=\"og:image\" content=\"https:\/\/linventelectric.com\/wp-content\/uploads\/2025\/01\/HVLTICM-Series-low-voltage-Motor-Solid-State-Soft-Starter.jpg\" \/>\n\t<meta property=\"og:image:width\" content=\"1000\" \/>\n\t<meta property=\"og:image:height\" content=\"667\" \/>\n\t<meta property=\"og:image:type\" content=\"image\/jpeg\" \/>\n<meta name=\"twitter:card\" content=\"summary_large_image\" \/>\n<meta name=\"twitter:label1\" content=\"Price\" \/>\n\t<meta name=\"twitter:data1\" content=\"\" \/>\n\t<meta name=\"twitter:label2\" content=\"Availability\" \/>\n\t<meta name=\"twitter:data2\" content=\"In stock\" \/>\n<script type=\"application\/ld+json\" class=\"yoast-schema-graph\">{\"@context\":\"https:\/\/schema.org\",\"@graph\":[{\"@type\":\"WebPage\",\"@id\":\"https:\/\/linventelectric.com\/product\/lticm-series-low-voltage-motor-soft-starte\/\",\"url\":\"https:\/\/linventelectric.com\/product\/lticm-series-low-voltage-motor-soft-starte\/\",\"name\":\"LTICM Series Low-voltage Motor Soft Starter - Linvent Electric\",\"isPartOf\":{\"@id\":\"https:\/\/linventelectric.com\/#website\"},\"primaryImageOfPage\":{\"@id\":\"https:\/\/linventelectric.com\/product\/lticm-series-low-voltage-motor-soft-starte\/#primaryimage\"},\"image\":{\"@id\":\"https:\/\/linventelectric.com\/product\/lticm-series-low-voltage-motor-soft-starte\/#primaryimage\"},\"thumbnailUrl\":\"https:\/\/linventelectric.com\/wp-content\/uploads\/2025\/01\/HVLTICM-Series-low-voltage-Motor-Solid-State-Soft-Starter.jpg\",\"datePublished\":\"2025-01-03T06:56:02+00:00\",\"dateModified\":\"2025-04-02T10:00:42+00:00\",\"description\":\"CF40-C VFD offers 22KW\u2013500KW power for 3-phase AC motors. Ideal for fans, pumps, crushers & compressors. Reliable motor control with full protection.\",\"breadcrumb\":{\"@id\":\"https:\/\/linventelectric.com\/product\/lticm-series-low-voltage-motor-soft-starte\/#breadcrumb\"},\"inLanguage\":\"pt-PT\",\"potentialAction\":[{\"@type\":\"ReadAction\",\"target\":[\"https:\/\/linventelectric.com\/product\/lticm-series-low-voltage-motor-soft-starte\/\"]}]},{\"@type\":\"ImageObject\",\"inLanguage\":\"pt-PT\",\"@id\":\"https:\/\/linventelectric.com\/product\/lticm-series-low-voltage-motor-soft-starte\/#primaryimage\",\"url\":\"https:\/\/linventelectric.com\/wp-content\/uploads\/2025\/01\/HVLTICM-Series-low-voltage-Motor-Solid-State-Soft-Starter.jpg\",\"contentUrl\":\"https:\/\/linventelectric.com\/wp-content\/uploads\/2025\/01\/HVLTICM-Series-low-voltage-Motor-Solid-State-Soft-Starter.jpg\",\"width\":1000,\"height\":667,\"caption\":\"LTICM Series Low-voltage Motor Soft Starter\"},{\"@type\":\"BreadcrumbList\",\"@id\":\"https:\/\/linventelectric.com\/product\/lticm-series-low-voltage-motor-soft-starte\/#breadcrumb\",\"itemListElement\":[{\"@type\":\"ListItem\",\"position\":1,\"name\":\"Home\",\"item\":\"https:\/\/linventelectric.com\/\"},{\"@type\":\"ListItem\",\"position\":2,\"name\":\"Products\",\"item\":\"https:\/\/linventelectric.com\/products\/\"},{\"@type\":\"ListItem\",\"position\":3,\"name\":\"LTICM Series Low-voltage Motor Soft Starter\"}]},{\"@type\":\"WebSite\",\"@id\":\"https:\/\/linventelectric.com\/#website\",\"url\":\"https:\/\/linventelectric.com\/\",\"name\":\"LinventElectric China - Electrical Control Systems & Equipment Protection Solutions\",\"description\":\"Electrical Control &amp; Protection Solutions\",\"publisher\":{\"@id\":\"https:\/\/linventelectric.com\/#organization\"},\"potentialAction\":[{\"@type\":\"SearchAction\",\"target\":{\"@type\":\"EntryPoint\",\"urlTemplate\":\"https:\/\/linventelectric.com\/?s={search_term_string}\"},\"query-input\":{\"@type\":\"PropertyValueSpecification\",\"valueRequired\":true,\"valueName\":\"search_term_string\"}}],\"inLanguage\":\"pt-PT\"},{\"@type\":\"Organization\",\"@id\":\"https:\/\/linventelectric.com\/#organization\",\"name\":\"LinventElectric China - Electrical Control Systems & Equipment Protection Solutions\",\"url\":\"https:\/\/linventelectric.com\/\",\"logo\":{\"@type\":\"ImageObject\",\"inLanguage\":\"pt-PT\",\"@id\":\"https:\/\/linventelectric.com\/#\/schema\/logo\/image\/\",\"url\":\"https:\/\/linventelectric.com\/wp-content\/uploads\/2025\/03\/cropped-linventelectriclogo.png\",\"contentUrl\":\"https:\/\/linventelectric.com\/wp-content\/uploads\/2025\/03\/cropped-linventelectriclogo.png\",\"width\":323,\"height\":109,\"caption\":\"LinventElectric China - Electrical Control Systems & Equipment Protection Solutions\"},\"image\":{\"@id\":\"https:\/\/linventelectric.com\/#\/schema\/logo\/image\/\"}}]}<\/script>\n<meta property=\"product:price:amount\" content=\"0.00\" \/>\n<meta property=\"product:price:currency\" content=\"USD\" \/>\n<meta property=\"og:availability\" content=\"instock\" \/>\n<meta property=\"product:availability\" content=\"instock\" \/>\n<meta property=\"product:condition\" content=\"new\" \/>\n<!-- \/ Yoast SEO Premium plugin. -->","yoast_head_json":{"title":"LTICM Series Low-voltage Motor Soft Starter - Linvent Electric","description":"CF40-C VFD offers 22KW\u2013500KW power for 3-phase AC motors. Ideal for fans, pumps, crushers & compressors. Reliable motor control with full protection.","robots":{"index":"index","follow":"follow","max-snippet":"max-snippet:-1","max-image-preview":"max-image-preview:large","max-video-preview":"max-video-preview:-1"},"canonical":"https:\/\/linventelectric.com\/pt\/produto\/lticm-series-low-voltage-motor-soft-starte\/","og_locale":"pt_PT","og_type":"article","og_title":"LTICM Series Low-voltage Motor Soft Starter","og_description":"CF40-C VFD offers 22KW\u2013500KW power for 3-phase AC motors. Ideal for fans, pumps, crushers & compressors. Reliable motor control with full protection.","og_url":"https:\/\/linventelectric.com\/pt\/produto\/lticm-series-low-voltage-motor-soft-starte\/","og_site_name":"Linvent Electric","article_modified_time":"2025-04-02T10:00:42+00:00","og_image":[{"width":1000,"height":667,"url":"https:\/\/linventelectric.com\/wp-content\/uploads\/2025\/01\/HVLTICM-Series-low-voltage-Motor-Solid-State-Soft-Starter.jpg","type":"image\/jpeg"}],"twitter_card":"summary_large_image","twitter_misc":{"Price":"","Availability":"In stock"},"schema":{"@context":"https:\/\/schema.org","@graph":[{"@type":"WebPage","@id":"https:\/\/linventelectric.com\/product\/lticm-series-low-voltage-motor-soft-starte\/","url":"https:\/\/linventelectric.com\/product\/lticm-series-low-voltage-motor-soft-starte\/","name":"LTICM Series Low-voltage Motor Soft Starter - Linvent Electric","isPartOf":{"@id":"https:\/\/linventelectric.com\/#website"},"primaryImageOfPage":{"@id":"https:\/\/linventelectric.com\/product\/lticm-series-low-voltage-motor-soft-starte\/#primaryimage"},"image":{"@id":"https:\/\/linventelectric.com\/product\/lticm-series-low-voltage-motor-soft-starte\/#primaryimage"},"thumbnailUrl":"https:\/\/linventelectric.com\/wp-content\/uploads\/2025\/01\/HVLTICM-Series-low-voltage-Motor-Solid-State-Soft-Starter.jpg","datePublished":"2025-01-03T06:56:02+00:00","dateModified":"2025-04-02T10:00:42+00:00","description":"CF40-C VFD offers 22KW\u2013500KW power for 3-phase AC motors. Ideal for fans, pumps, crushers & compressors. Reliable motor control with full protection.","breadcrumb":{"@id":"https:\/\/linventelectric.com\/product\/lticm-series-low-voltage-motor-soft-starte\/#breadcrumb"},"inLanguage":"pt-PT","potentialAction":[{"@type":"ReadAction","target":["https:\/\/linventelectric.com\/product\/lticm-series-low-voltage-motor-soft-starte\/"]}]},{"@type":"ImageObject","inLanguage":"pt-PT","@id":"https:\/\/linventelectric.com\/product\/lticm-series-low-voltage-motor-soft-starte\/#primaryimage","url":"https:\/\/linventelectric.com\/wp-content\/uploads\/2025\/01\/HVLTICM-Series-low-voltage-Motor-Solid-State-Soft-Starter.jpg","contentUrl":"https:\/\/linventelectric.com\/wp-content\/uploads\/2025\/01\/HVLTICM-Series-low-voltage-Motor-Solid-State-Soft-Starter.jpg","width":1000,"height":667,"caption":"LTICM Series Low-voltage Motor Soft Starter"},{"@type":"BreadcrumbList","@id":"https:\/\/linventelectric.com\/product\/lticm-series-low-voltage-motor-soft-starte\/#breadcrumb","itemListElement":[{"@type":"ListItem","position":1,"name":"Home","item":"https:\/\/linventelectric.com\/"},{"@type":"ListItem","position":2,"name":"Products","item":"https:\/\/linventelectric.com\/products\/"},{"@type":"ListItem","position":3,"name":"LTICM Series Low-voltage Motor Soft Starter"}]},{"@type":"WebSite","@id":"https:\/\/linventelectric.com\/#website","url":"https:\/\/linventelectric.com\/","name":"LinventElectric China - Electrical Control Systems & Equipment Protection Solutions","description":"Electrical Control &amp; Protection Solutions","publisher":{"@id":"https:\/\/linventelectric.com\/#organization"},"potentialAction":[{"@type":"SearchAction","target":{"@type":"EntryPoint","urlTemplate":"https:\/\/linventelectric.com\/?s={search_term_string}"},"query-input":{"@type":"PropertyValueSpecification","valueRequired":true,"valueName":"search_term_string"}}],"inLanguage":"pt-PT"},{"@type":"Organization","@id":"https:\/\/linventelectric.com\/#organization","name":"LinventElectric China - Electrical Control Systems & Equipment Protection Solutions","url":"https:\/\/linventelectric.com\/","logo":{"@type":"ImageObject","inLanguage":"pt-PT","@id":"https:\/\/linventelectric.com\/#\/schema\/logo\/image\/","url":"https:\/\/linventelectric.com\/wp-content\/uploads\/2025\/03\/cropped-linventelectriclogo.png","contentUrl":"https:\/\/linventelectric.com\/wp-content\/uploads\/2025\/03\/cropped-linventelectriclogo.png","width":323,"height":109,"caption":"LinventElectric China - Electrical Control Systems & Equipment Protection Solutions"},"image":{"@id":"https:\/\/linventelectric.com\/#\/schema\/logo\/image\/"}}]},"product_price_amount":"0.00","product_price_currency":"USD","og_availability":"instock","product_availability":"instock","product_condition":"new"},"_links":{"self":[{"href":"https:\/\/linventelectric.com\/pt\/wp-json\/wp\/v2\/product\/948","targetHints":{"allow":["GET"]}}],"collection":[{"href":"https:\/\/linventelectric.com\/pt\/wp-json\/wp\/v2\/product"}],"about":[{"href":"https:\/\/linventelectric.com\/pt\/wp-json\/wp\/v2\/types\/product"}],"wp:featuredmedia":[{"embeddable":true,"href":"https:\/\/linventelectric.com\/pt\/wp-json\/wp\/v2\/media\/8071"}],"wp:attachment":[{"href":"https:\/\/linventelectric.com\/pt\/wp-json\/wp\/v2\/media?parent=948"}],"wp:term":[{"taxonomy":"product_brand","embeddable":true,"href":"https:\/\/linventelectric.com\/pt\/wp-json\/wp\/v2\/product_brand?post=948"},{"taxonomy":"product_cat","embeddable":true,"href":"https:\/\/linventelectric.com\/pt\/wp-json\/wp\/v2\/product_cat?post=948"},{"taxonomy":"product_tag","embeddable":true,"href":"https:\/\/linventelectric.com\/pt\/wp-json\/wp\/v2\/product_tag?post=948"}],"curies":[{"name":"wp","href":"https:\/\/api.w.org\/{rel}","templated":true}]}}